{"id":46,"date":"2020-09-24T15:15:33","date_gmt":"2020-09-24T13:15:33","guid":{"rendered":"http:\/\/descrisdesvilles.org\/?page_id=46"},"modified":"2024-10-31T09:09:27","modified_gmt":"2024-10-31T08:09:27","slug":"__trashed","status":"publish","type":"page","link":"https:\/\/descrisdesvilles.org\/","title":{"rendered":"Bienvenue"},"content":{"rendered":"\t\t<div data-elementor-type=\"wp-page\" data-elementor-id=\"46\" class=\"elementor elementor-46\" data-elementor-settings=\"[]\">\n\t\t\t\t\t\t<div class=\"elementor-inner\">\n\t\t\t\t\t\t\t<div class=\"elementor-section-wrap\">\n\t\t\t\t\t\t\t<section class=\"elementor-section elementor-top-section elementor-element elementor-element-ad85ff9 elementor-section-boxed elementor-section-height-default elementor-section-height-default\" data-id=\"ad85ff9\" data-element_type=\"section\">\n\t\t\t\t\t\t<div class=\"elementor-container elementor-column-gap-default\">\n\t\t\t\t\t\t\t<div class=\"elementor-row\">\n\t\t\t\t\t<div class=\"elementor-column elementor-col-100 elementor-top-column elementor-element elementor-element-54436d7\" data-id=\"54436d7\" data-element_type=\"column\">\n\t\t\t<div class=\"elementor-column-wrap elementor-element-populated\">\n\t\t\t\t\t\t\t<div class=\"elementor-widget-wrap\">\n\t\t\t\t\t\t<div class=\"elementor-element elementor-element-7bba373 elementor-widget elementor-widget-heading\" data-id=\"7bba373\" data-element_type=\"widget\" data-widget_type=\"heading.default\">\n\t\t\t\t<div class=\"elementor-widget-container\">\n\t\t\t<h1 class=\"elementor-heading-title elementor-size-default\">Association Des cris des villes <\/h1>\t\t<\/div>\n\t\t\t\t<\/div>\n\t\t\t\t\t\t<\/div>\n\t\t\t\t\t<\/div>\n\t\t<\/div>\n\t\t\t\t\t\t\t\t<\/div>\n\t\t\t\t\t<\/div>\n\t\t<\/section>\n\t\t\t\t<section class=\"elementor-section elementor-top-section elementor-element elementor-element-9164871 elementor-section-boxed elementor-section-height-default elementor-section-height-default\" data-id=\"9164871\" data-element_type=\"section\">\n\t\t\t\t\t\t<div class=\"elementor-container elementor-column-gap-default\">\n\t\t\t\t\t\t\t<div class=\"elementor-row\">\n\t\t\t\t\t<div class=\"elementor-column elementor-col-33 elementor-top-column elementor-element elementor-element-f020dc2\" data-id=\"f020dc2\" data-element_type=\"column\">\n\t\t\t<div class=\"elementor-column-wrap elementor-element-populated\">\n\t\t\t\t\t\t\t<div class=\"elementor-widget-wrap\">\n\t\t\t\t\t\t<div class=\"elementor-element elementor-element-4119eb0 elementor-widget elementor-widget-spacer\" data-id=\"4119eb0\" data-element_type=\"widget\" data-widget_type=\"spacer.default\">\n\t\t\t\t<div class=\"elementor-widget-container\">\n\t\t\t\t\t<div class=\"elementor-spacer\">\n\t\t\t<div class=\"elementor-spacer-inner\"><\/div>\n\t\t<\/div>\n\t\t\t\t<\/div>\n\t\t\t\t<\/div>\n\t\t\t\t<div class=\"elementor-element elementor-element-07289e8 elementor-widget elementor-widget-text-editor\" data-id=\"07289e8\" data-element_type=\"widget\" data-widget_type=\"text-editor.default\">\n\t\t\t\t<div class=\"elementor-widget-container\">\n\t\t\t\t\t<div class=\"elementor-text-editor elementor-clearfix\"><p id=\"docs-internal-guid-fd141522-7fff-1532-3d9d-b3541b84fdf6\" dir=\"ltr\" style=\"line-height: 1.38; margin-top: 0pt; margin-bottom: 0pt;\"><span style=\"font-size: 12pt; font-family: Arial; color: #4c4c4c; background-color: transparent; font-weight: 400; font-style: normal; font-variant: normal; text-decoration: none; vertical-align: baseline; white-space: pre-wrap;\">Cr\u00e9\u00e9e en 2019, Des cris des villes est une association francilienne qui accompagne le d\u00e9veloppement d\u2019un esprit critique sur l\u2019espace, la lutte contre toutes formes de dominations li\u00e9es \u00e0 l\u2019espace, la d\u00e9fense du collectif et des actions favorisant le droit \u00e0 la ville pour tou.te.s.<\/span><\/p><p dir=\"ltr\" style=\"line-height: 1.38; margin-top: 0pt; margin-bottom: 0pt;\"><span style=\"font-size: 12pt; font-family: Arial; color: #4c4c4c; background-color: transparent; font-weight: 400; font-style: normal; font-variant: normal; text-decoration: none; vertical-align: baseline; white-space: pre-wrap;\">\u00a0<\/span><\/p><p dir=\"ltr\" style=\"line-height: 1.38; margin-top: 0pt; margin-bottom: 0pt;\"><span style=\"font-size: 12pt; font-family: Arial; color: #4c4c4c; background-color: transparent; font-weight: 400; font-style: normal; font-variant: normal; text-decoration: none; vertical-align: baseline; white-space: pre-wrap;\">Elle s\u2019inscrit dans des d\u00e9marches d\u2019\u00e9ducation populaire et \u00e9mancipatrices.\u00a0<\/span><\/p><p dir=\"ltr\" style=\"line-height: 1.38; margin-top: 0pt; margin-bottom: 0pt;\"><span style=\"font-size: 12pt; font-family: Arial; color: #4c4c4c; background-color: transparent; font-weight: 400; font-style: normal; font-variant: normal; text-decoration: none; vertical-align: baseline; white-space: pre-wrap;\">Elle est install\u00e9e \u00e0 la Fabrik Coop\u00e9rative, lieu d\u2019\u00e9ducation populaire et d\u2019exp\u00e9rimentation collective, au 23 rue docteur Potain 75019 Paris.\u00a0<\/span><\/p><p dir=\"ltr\" style=\"line-height: 1.38; margin-top: 0pt; margin-bottom: 0pt;\"><span style=\"font-size: 12pt; font-family: Arial; color: #4c4c4c; background-color: transparent; font-weight: 400; font-style: normal; font-variant: normal; text-decoration: none; vertical-align: baseline; white-space: pre-wrap;\">\u00a0<\/span><\/p><p dir=\"ltr\" style=\"line-height: 1.38; margin-top: 0pt; margin-bottom: 0pt;\"><span style=\"font-size: 12pt; font-family: Arial; color: #4c4c4c; background-color: transparent; font-weight: 400; font-style: normal; font-variant: normal; text-decoration: none; vertical-align: baseline; white-space: pre-wrap;\">Mais elle agit dans toute l\u2019Ile-de-France dans des cadres vari\u00e9s avec petit.e.s et grand.e.s : scolaire, p\u00e9riscolaire, ateliers de rue, etc. <\/span><span id=\"docs-internal-guid-d2addbed-7fff-094c-db44-0b077cd48758\" style=\"font-size: 12pt; font-family: Arial; color: #000000; background-color: transparent; font-weight: 400; font-style: normal; font-variant: normal; text-decoration: none; vertical-align: baseline; white-space: pre-wrap;\"><span style=\"color: #4c4c4c;\">N\u2019h\u00e9sitez pas \u00e0 nous contacter si vous souhaitez que l\u2019association intervienne dans votre structure pour des projets sp\u00e9cifiques.<\/span> <\/span><\/p><\/div>\n\t\t\t\t<\/div>\n\t\t\t\t<\/div>\n\t\t\t\t\t\t<\/div>\n\t\t\t\t\t<\/div>\n\t\t<\/div>\n\t\t\t\t<div class=\"elementor-column elementor-col-66 elementor-top-column elementor-element elementor-element-d29646a\" data-id=\"d29646a\" data-element_type=\"column\">\n\t\t\t<div class=\"elementor-column-wrap elementor-element-populated\">\n\t\t\t\t\t\t\t<div class=\"elementor-widget-wrap\">\n\t\t\t\t\t\t<div class=\"elementor-element elementor-element-709fae4 elementor-widget elementor-widget-image\" data-id=\"709fae4\" data-element_type=\"widget\" data-widget_type=\"image.default\">\n\t\t\t\t<div class=\"elementor-widget-container\">\n\t\t\t\t\t<div class=\"elementor-image\">\n\t\t\t\t\t\t\t\t\t\t<img decoding=\"async\" src=\"https:\/\/descrisdesvilles.org\/wp-content\/uploads\/2024\/10\/Carto-des-lieux-intervention-site-internet-scaled.jpg\" title=\"Carto-des-lieux-intervention-site-internet\" alt=\"Carto-des-lieux-intervention-site-internet\" \/>\t\t\t\t\t\t\t\t\t\t\t<\/div>\n\t\t\t\t<\/div>\n\t\t\t\t<\/div>\n\t\t\t\t\t\t<\/div>\n\t\t\t\t\t<\/div>\n\t\t<\/div>\n\t\t\t\t\t\t\t\t<\/div>\n\t\t\t\t\t<\/div>\n\t\t<\/section>\n\t\t\t\t<section class=\"elementor-section elementor-top-section elementor-element elementor-element-469ea30 elementor-section-boxed elementor-section-height-default elementor-section-height-default\" data-id=\"469ea30\" data-element_type=\"section\">\n\t\t\t\t\t\t<div class=\"elementor-container elementor-column-gap-default\">\n\t\t\t\t\t\t\t<div class=\"elementor-row\">\n\t\t\t\t\t<div class=\"elementor-column elementor-col-100 elementor-top-column elementor-element elementor-element-5556f36\" data-id=\"5556f36\" data-element_type=\"column\">\n\t\t\t<div class=\"elementor-column-wrap elementor-element-populated\">\n\t\t\t\t\t\t\t<div class=\"elementor-widget-wrap\">\n\t\t\t\t\t\t<div class=\"elementor-element elementor-element-a59e5e6 elementor-widget elementor-widget-spacer\" data-id=\"a59e5e6\" data-element_type=\"widget\" data-widget_type=\"spacer.default\">\n\t\t\t\t<div class=\"elementor-widget-container\">\n\t\t\t\t\t<div class=\"elementor-spacer\">\n\t\t\t<div class=\"elementor-spacer-inner\"><\/div>\n\t\t<\/div>\n\t\t\t\t<\/div>\n\t\t\t\t<\/div>\n\t\t\t\t<div class=\"elementor-element elementor-element-1a428ee elementor-widget elementor-widget-heading\" data-id=\"1a428ee\" data-element_type=\"widget\" data-widget_type=\"heading.default\">\n\t\t\t\t<div class=\"elementor-widget-container\">\n\t\t\t<h1 class=\"elementor-heading-title elementor-size-default\">Et la ville elle est \u00e0 qui ? <br><i>Sortie de notre ouvrage collectif sur l'\u00e9ducation populaire pour une ville en commun ! <\/i><\/h1>\t\t<\/div>\n\t\t\t\t<\/div>\n\t\t\t\t<section class=\"elementor-section elementor-inner-section elementor-element elementor-element-4cfbfc0 elementor-section-boxed elementor-section-height-default elementor-section-height-default\" data-id=\"4cfbfc0\" data-element_type=\"section\">\n\t\t\t\t\t\t<div class=\"elementor-container elementor-column-gap-default\">\n\t\t\t\t\t\t\t<div class=\"elementor-row\">\n\t\t\t\t\t<div class=\"elementor-column elementor-col-50 elementor-inner-column elementor-element elementor-element-43f2bcc\" data-id=\"43f2bcc\" data-element_type=\"column\">\n\t\t\t<div class=\"elementor-column-wrap elementor-element-populated\">\n\t\t\t\t\t\t\t<div class=\"elementor-widget-wrap\">\n\t\t\t\t\t\t<div class=\"elementor-element elementor-element-309fef6 elementor-widget elementor-widget-spacer\" data-id=\"309fef6\" data-element_type=\"widget\" data-widget_type=\"spacer.default\">\n\t\t\t\t<div class=\"elementor-widget-container\">\n\t\t\t\t\t<div class=\"elementor-spacer\">\n\t\t\t<div class=\"elementor-spacer-inner\"><\/div>\n\t\t<\/div>\n\t\t\t\t<\/div>\n\t\t\t\t<\/div>\n\t\t\t\t<div class=\"elementor-element elementor-element-2f4b123 elementor-widget elementor-widget-image\" data-id=\"2f4b123\" data-element_type=\"widget\" data-widget_type=\"image.default\">\n\t\t\t\t<div class=\"elementor-widget-container\">\n\t\t\t\t\t<div class=\"elementor-image\">\n\t\t\t\t\t\t\t\t\t\t<img loading=\"lazy\" decoding=\"async\" width=\"1024\" height=\"819\" src=\"https:\/\/descrisdesvilles.org\/wp-content\/uploads\/2024\/10\/annonce--1024x819.jpg\" class=\"attachment-large size-large\" alt=\"\" srcset=\"https:\/\/descrisdesvilles.org\/wp-content\/uploads\/2024\/10\/annonce--1024x819.jpg 1024w, https:\/\/descrisdesvilles.org\/wp-content\/uploads\/2024\/10\/annonce--300x240.jpg 300w, https:\/\/descrisdesvilles.org\/wp-content\/uploads\/2024\/10\/annonce--768x614.jpg 768w, https:\/\/descrisdesvilles.org\/wp-content\/uploads\/2024\/10\/annonce--1536x1229.jpg 1536w, https:\/\/descrisdesvilles.org\/wp-content\/uploads\/2024\/10\/annonce--2048x1638.jpg 2048w\" sizes=\"(max-width: 1024px) 100vw, 1024px\" \/>\t\t\t\t\t\t\t\t\t\t\t<\/div>\n\t\t\t\t<\/div>\n\t\t\t\t<\/div>\n\t\t\t\t<div class=\"elementor-element elementor-element-5b51664 elementor-widget elementor-widget-spacer\" data-id=\"5b51664\" data-element_type=\"widget\" data-widget_type=\"spacer.default\">\n\t\t\t\t<div class=\"elementor-widget-container\">\n\t\t\t\t\t<div class=\"elementor-spacer\">\n\t\t\t<div class=\"elementor-spacer-inner\"><\/div>\n\t\t<\/div>\n\t\t\t\t<\/div>\n\t\t\t\t<\/div>\n\t\t\t\t<div class=\"elementor-element elementor-element-159ccd1 elementor-widget elementor-widget-wp-widget-custom_html\" data-id=\"159ccd1\" data-element_type=\"widget\" data-widget_type=\"wp-widget-custom_html.default\">\n\t\t\t\t<div class=\"elementor-widget-container\">\n\t\t\t<div class=\"textwidget custom-html-widget\">\t\t\t<iframe\n\t\t\t\tid=\"idIframe\"\n\t\t\t\tsrc=\"https:\/\/www.helloasso.com\/associations\/des-cris-des-villes\/boutiques\/et-la-ville-elle-est-a-qui\/widget-bouton\"\n\t\t\t\theight=70px\"\t\t\t\twidth=200px\"\t\t\t\tframeborder=\"0\"\n\t\t\t\tloading=\"lazy\"\n\t\t\t\tallowtransparency=\"true\"\n\t\t\t\tonload=\"resizeIframeMessage()\"><\/iframe>\n<\/div>\t\t<\/div>\n\t\t\t\t<\/div>\n\t\t\t\t\t\t<\/div>\n\t\t\t\t\t<\/div>\n\t\t<\/div>\n\t\t\t\t<div class=\"elementor-column elementor-col-50 elementor-inner-column elementor-element elementor-element-de87025\" data-id=\"de87025\" data-element_type=\"column\">\n\t\t\t<div class=\"elementor-column-wrap elementor-element-populated\">\n\t\t\t\t\t\t\t<div class=\"elementor-widget-wrap\">\n\t\t\t\t\t\t<div class=\"elementor-element elementor-element-bdf4c8f elementor-widget elementor-widget-text-editor\" data-id=\"bdf4c8f\" data-element_type=\"widget\" data-widget_type=\"text-editor.default\">\n\t\t\t\t<div class=\"elementor-widget-container\">\n\t\t\t\t\t<div class=\"elementor-text-editor elementor-clearfix\"><p dir=\"ltr\" style=\"line-height: 1.38; margin-top: 0pt; margin-bottom: 0pt;\"><span style=\"font-size: 12pt; font-family: Arial,sans-serif; color: #000000; background-color: transparent; font-weight: 400; font-style: normal; font-variant: normal; text-decoration: none; vertical-align: baseline; white-space: pre-wrap;\">L\u2019association Des cris des villes a le plaisir de vous annoncer la parution de l\u2019ouvrage collectif <\/span><span style=\"font-size: 12pt; font-family: Arial,sans-serif; color: #000000; background-color: transparent; font-weight: bold; font-style: italic; font-variant: normal; text-decoration: none; vertical-align: baseline; white-space: pre-wrap;\">Et la ville elle est \u00e0 qui ? <\/span><span style=\"font-size: 12pt; font-family: Arial,sans-serif; color: #000000; background-color: transparent; font-weight: 400; font-style: normal; font-variant: normal; text-decoration: none; vertical-align: baseline; white-space: pre-wrap;\">qui vise \u00e0 partager l\u2019int\u00e9r\u00eat de l\u2019<\/span><span style=\"font-size: 12pt; font-family: Arial,sans-serif; color: #000000; background-color: transparent; font-weight: bold; font-style: normal; font-variant: normal; text-decoration: none; vertical-align: baseline; white-space: pre-wrap;\">\u00e9ducation populaire<\/span><span style=\"font-size: 12pt; font-family: Arial,sans-serif; color: #000000; background-color: transparent; font-weight: 400; font-style: normal; font-variant: normal; text-decoration: none; vertical-align: baseline; white-space: pre-wrap;\"> et de son application dans la question de l\u2019am\u00e9nagement des espaces, mais aussi de rappeler le caract\u00e8re <\/span><span style=\"font-size: 12pt; font-family: Arial,sans-serif; color: #000000; background-color: transparent; font-weight: bold; font-style: normal; font-variant: normal; text-decoration: none; vertical-align: baseline; white-space: pre-wrap;\">politique et collectif de la ville<\/span><span style=\"font-size: 12pt; font-family: Arial,sans-serif; color: #000000; background-color: transparent; font-weight: 400; font-style: normal; font-variant: normal; text-decoration: none; vertical-align: baseline; white-space: pre-wrap;\">.<\/span><\/p>\n<p dir=\"ltr\" style=\"line-height: 1.38; margin-top: 0pt; margin-bottom: 0pt;\"><span style=\"font-size: 12pt; font-family: Arial; color: #4c4c4c; background-color: transparent; font-weight: 400; font-style: normal; font-variant: normal; text-decoration: none; vertical-align: baseline; white-space: pre-wrap;\">&nbsp;<\/span><\/p>\n<p dir=\"ltr\" style=\"line-height: 1.38; margin-top: 0pt; margin-bottom: 0pt;\"><span style=\"font-size: 12pt; font-family: Arial,sans-serif; color: #000000; background-color: transparent; font-weight: 400; font-style: normal; font-variant: normal; text-decoration: none; vertical-align: baseline; white-space: pre-wrap;\">Organis\u00e9 autour de trois grandes parties r\u00e9unissant au total sept chapitres, cet ouvrage revient sur les principales transformations sociales pour lesquelles nous \u0153uvrons au sein de l\u2019association. Pour chacune d\u2019elles, dans une logique d\u2019\u00e9ducation populaire, nous abordons la th\u00e9matique sous <\/span><span style=\"font-size: 12pt; font-family: Arial,sans-serif; color: #000000; background-color: transparent; font-weight: bold; font-style: normal; font-variant: normal; text-decoration: none; vertical-align: baseline; white-space: pre-wrap;\">un angle th\u00e9orique<\/span><span style=\"font-size: 12pt; font-family: Arial,sans-serif; color: #000000; background-color: transparent; font-weight: 400; font-style: normal; font-variant: normal; text-decoration: none; vertical-align: baseline; white-space: pre-wrap;\">, afin de d\u00e9finir les enjeux, mais aussi via un exemple de<\/span><span style=\"font-size: 12pt; font-family: Arial,sans-serif; color: #000000; background-color: transparent; font-weight: bold; font-style: normal; font-variant: normal; text-decoration: none; vertical-align: baseline; white-space: pre-wrap;\"> d\u00e9marche<\/span><span style=\"font-size: 12pt; font-family: Arial,sans-serif; color: #000000; background-color: transparent; font-weight: 400; font-style: normal; font-variant: normal; text-decoration: none; vertical-align: baseline; white-space: pre-wrap;\"> permettant d\u2019illustrer ce qu\u2019on entend par militer et agir autour de cet enjeu. Enfin, nous d\u00e9crivons <\/span><span style=\"font-size: 12pt; font-family: Arial,sans-serif; color: #000000; background-color: transparent; font-weight: bold; font-style: normal; font-variant: normal; text-decoration: none; vertical-align: baseline; white-space: pre-wrap;\">un outil pouvant \u00eatre utilis\u00e9 pour mettre en place cette d\u00e9marche<\/span><span style=\"font-size: 12pt; font-family: Arial,sans-serif; color: #000000; background-color: transparent; font-weight: 400; font-style: normal; font-variant: normal; text-decoration: none; vertical-align: baseline; white-space: pre-wrap;\"> : des informations sur l\u2019outil en lui-m\u00eame, sa mise en \u0153uvre pratique, des conseils ou erreurs \u00e0 \u00e9viter, etc. <\/span><span style=\"font-size: 12pt; font-family: Arial; color: #4c4c4c; background-color: transparent; font-weight: 400; font-variant: normal; text-decoration: none; vertical-align: baseline; white-space: pre-wrap; font-style: normal;\">&nbsp;<\/span><\/p>\n<p dir=\"ltr\" style=\"line-height: 1.38; margin-top: 0pt; margin-bottom: 0pt;\"><span style=\"font-size: 12pt; font-family: Arial; color: #4c4c4c; background-color: transparent; font-weight: 400; font-style: normal; font-variant: normal; text-decoration: none; vertical-align: baseline; white-space: pre-wrap;\">&nbsp;<\/span><\/p>\n<p dir=\"ltr\" style=\"line-height: 1.38; margin-top: 0pt; margin-bottom: 0pt;\"><span style=\"font-size: 12pt; font-family: Arial; color: #4c4c4c; background-color: transparent; font-weight: 400; font-style: normal; font-variant: normal; text-decoration: none; vertical-align: baseline; white-space: pre-wrap;\">Mais elle agit dans toute l\u2019Ile-de-France dans des cadres vari\u00e9s avec petit.e.s et grand.e.s : scolaire, p\u00e9riscolaire, ateliers de rue, etc. <\/span><span style=\"font-size: 12pt; font-family: Arial; color: #000000; background-color: transparent; font-weight: 400; font-style: normal; font-variant: normal; text-decoration: none; vertical-align: baseline; white-space: pre-wrap;\"><span style=\"color: #4c4c4c;\">N\u2019h\u00e9sitez pas \u00e0 nous contacter si vous souhaitez que l\u2019association intervienne dans votre structure pour des projets sp\u00e9cifiques.<\/span> <\/span><\/p>\n<p><span style=\"font-size: 12pt; font-family: Arial,sans-serif; color: #000000; background-color: transparent; font-weight: 400; font-style: normal; font-variant: normal; text-decoration: none; vertical-align: baseline; white-space: pre-wrap;\">En bref, <\/span><span style=\"font-size: 12pt; font-family: Arial,sans-serif; color: #000000; background-color: transparent; font-weight: bold; font-style: normal; font-variant: normal; text-decoration: none; vertical-align: baseline; white-space: pre-wrap;\">un \u00e9quilibre entre th\u00e9orie et pratique<\/span><span style=\"font-size: 12pt; font-family: Arial,sans-serif; color: #000000; background-color: transparent; font-weight: 400; font-style: normal; font-variant: normal; text-decoration: none; vertical-align: baseline; white-space: pre-wrap;\">, qui on l\u2019esp\u00e8re sera utile \u00e0 toute personne s\u2019int\u00e9ressant, travaillant, militant, s\u2019informant autour de ces questions : animateur\u00b7ices, professionnel\u00b7les de l\u2019am\u00e9nagement urbain, travailleur\u00b7euses sociaux.<\/span><\/p>\n<p><span id=\"docs-internal-guid-09e31214-7fff-748e-8727-9015541674e0\" style=\"font-size: 12pt; font-family: Arial,sans-serif; color: #000000; background-color: transparent; font-weight: 400; font-style: normal; font-variant: normal; text-decoration: none; vertical-align: baseline; white-space: pre-wrap;\">Pour vous le procurer rien de plus simple, commandez le via notre boutique en ligne Helloasso, en cliquant sur le bouton sur votre gauche. <\/span><\/p><\/div>\n\t\t\t\t<\/div>\n\t\t\t\t<\/div>\n\t\t\t\t\t\t<\/div>\n\t\t\t\t\t<\/div>\n\t\t<\/div>\n\t\t\t\t\t\t\t\t<\/div>\n\t\t\t\t\t<\/div>\n\t\t<\/section>\n\t\t\t\t\t\t<\/div>\n\t\t\t\t\t<\/div>\n\t\t<\/div>\n\t\t\t\t\t\t\t\t<\/div>\n\t\t\t\t\t<\/div>\n\t\t<\/section>\n\t\t\t\t<section class=\"elementor-section elementor-top-section elementor-element elementor-element-9124746 elementor-section-boxed elementor-section-height-default elementor-section-height-default\" data-id=\"9124746\" data-element_type=\"section\">\n\t\t\t\t\t\t<div class=\"elementor-container elementor-column-gap-default\">\n\t\t\t\t\t\t\t<div class=\"elementor-row\">\n\t\t\t\t\t<div class=\"elementor-column elementor-col-100 elementor-top-column elementor-element elementor-element-aabf6b6\" data-id=\"aabf6b6\" data-element_type=\"column\">\n\t\t\t<div class=\"elementor-column-wrap elementor-element-populated\">\n\t\t\t\t\t\t\t<div class=\"elementor-widget-wrap\">\n\t\t\t\t\t\t<div class=\"elementor-element elementor-element-473a650 elementor-widget elementor-widget-wp-widget-shortcodes-ultimate\" data-id=\"473a650\" data-element_type=\"widget\" data-widget_type=\"wp-widget-shortcodes-ultimate.default\">\n\t\t\t\t<div class=\"elementor-widget-container\">\n\t\t\t<div class=\"textwidget\"><iframe loading=\"lazy\" width=\"540\" height=\"305\" src=\"https:\/\/729c7255.sibforms.com\/serve\/MUIFAJiJmKwsSkDiBOPSV5R3hm7iNc89OrAf5ZSQJPUnN1WFJ-JDSPJ501xkbRrx2lE0fFKzRnthr-Qv45GoWZnVPdGeye0eAMwaBo9V2wysslDxu-ortg16pPWGVaAVUO1SLFO9rfg8f7ISDO9J3yWd77kEZoi0AuwOCkigzsaNLVMJxgh-DJ44s2dkJYhfCbbi50pG20FYKXcy\" frameborder=\"0\" scrolling=\"auto\" allowfullscreen style=\"display: block;margin-left: auto;margin-right: auto;max-width: 100%;\"><\/iframe><\/div>\t\t<\/div>\n\t\t\t\t<\/div>\n\t\t\t\t\t\t<\/div>\n\t\t\t\t\t<\/div>\n\t\t<\/div>\n\t\t\t\t\t\t\t\t<\/div>\n\t\t\t\t\t<\/div>\n\t\t<\/section>\n\t\t\t\t\t\t<\/div>\n\t\t\t\t\t\t<\/div>\n\t\t\t\t\t<\/div>\n\t\t","protected":false},"excerpt":{"rendered":"<p>Association Des cris des villes Cr\u00e9\u00e9e en 2019, Des cris des villes est une association francilienne qui accompagne le d\u00e9veloppement d\u2019un esprit critique sur l\u2019espace, la lutte contre toutes formes de dominations li\u00e9es \u00e0 l\u2019espace, la d\u00e9fense du collectif et des actions favorisant le droit \u00e0 la ville pour tou.te.s. \u00a0 Elle s\u2019inscrit dans des [&hellip;]<\/p>\n","protected":false},"author":1,"featured_media":0,"parent":0,"menu_order":0,"comment_status":"closed","ping_status":"closed","template":"","meta":{"footnotes":""},"_links":{"self":[{"href":"https:\/\/descrisdesvilles.org\/index.php\/wp-json\/wp\/v2\/pages\/46"}],"collection":[{"href":"https:\/\/descrisdesvilles.org\/index.php\/wp-json\/wp\/v2\/pages"}],"about":[{"href":"https:\/\/descrisdesvilles.org\/index.php\/wp-json\/wp\/v2\/types\/page"}],"author":[{"embeddable":true,"href":"https:\/\/descrisdesvilles.org\/index.php\/wp-json\/wp\/v2\/users\/1"}],"replies":[{"embeddable":true,"href":"https:\/\/descrisdesvilles.org\/index.php\/wp-json\/wp\/v2\/comments?post=46"}],"version-history":[{"count":34,"href":"https:\/\/descrisdesvilles.org\/index.php\/wp-json\/wp\/v2\/pages\/46\/revisions"}],"predecessor-version":[{"id":1275,"href":"https:\/\/descrisdesvilles.org\/index.php\/wp-json\/wp\/v2\/pages\/46\/revisions\/1275"}],"wp:attachment":[{"href":"https:\/\/descrisdesvilles.org\/index.php\/wp-json\/wp\/v2\/media?parent=46"}],"curies":[{"name":"wp","href":"https:\/\/api.w.org\/{rel}","templated":true}]}}