{"id":45,"date":"2020-09-25T16:25:40","date_gmt":"2020-09-25T14:25:40","guid":{"rendered":"http:\/\/descrisdesvilles.org\/?page_id=45"},"modified":"2021-04-09T12:28:27","modified_gmt":"2021-04-09T10:28:27","slug":"faireundon","status":"publish","type":"page","link":"https:\/\/descrisdesvilles.org\/index.php\/faireundon\/","title":{"rendered":"Faire un don"},"content":{"rendered":"\t\t<div data-elementor-type=\"wp-page\" data-elementor-id=\"45\" class=\"elementor elementor-45\" data-elementor-settings=\"[]\">\n\t\t\t\t\t\t<div class=\"elementor-inner\">\n\t\t\t\t\t\t\t<div class=\"elementor-section-wrap\">\n\t\t\t\t\t\t\t<section class=\"elementor-section elementor-top-section elementor-element elementor-element-36263a8 elementor-section-boxed elementor-section-height-default elementor-section-height-default\" data-id=\"36263a8\" data-element_type=\"section\">\n\t\t\t\t\t\t<div class=\"elementor-container elementor-column-gap-default\">\n\t\t\t\t\t\t\t<div class=\"elementor-row\">\n\t\t\t\t\t<div class=\"elementor-column elementor-col-100 elementor-top-column elementor-element elementor-element-ea4e5e5\" data-id=\"ea4e5e5\" data-element_type=\"column\">\n\t\t\t<div class=\"elementor-column-wrap elementor-element-populated\">\n\t\t\t\t\t\t\t<div class=\"elementor-widget-wrap\">\n\t\t\t\t\t\t<div class=\"elementor-element elementor-element-f8f3e9f elementor-widget elementor-widget-heading\" data-id=\"f8f3e9f\" data-element_type=\"widget\" data-widget_type=\"heading.default\">\n\t\t\t\t<div class=\"elementor-widget-container\">\n\t\t\t<h1 class=\"elementor-heading-title elementor-size-default\">Faire un don <\/h1>\t\t<\/div>\n\t\t\t\t<\/div>\n\t\t\t\t\t\t<\/div>\n\t\t\t\t\t<\/div>\n\t\t<\/div>\n\t\t\t\t\t\t\t\t<\/div>\n\t\t\t\t\t<\/div>\n\t\t<\/section>\n\t\t\t\t<section class=\"elementor-section elementor-top-section elementor-element elementor-element-6485b31f elementor-section-boxed elementor-section-height-default elementor-section-height-default\" data-id=\"6485b31f\" data-element_type=\"section\">\n\t\t\t\t\t\t<div class=\"elementor-container elementor-column-gap-default\">\n\t\t\t\t\t\t\t<div class=\"elementor-row\">\n\t\t\t\t\t<div class=\"elementor-column elementor-col-100 elementor-top-column elementor-element elementor-element-322858c3\" data-id=\"322858c3\" data-element_type=\"column\">\n\t\t\t<div class=\"elementor-column-wrap elementor-element-populated\">\n\t\t\t\t\t\t\t<div class=\"elementor-widget-wrap\">\n\t\t\t\t\t\t<div class=\"elementor-element elementor-element-325eb3bf elementor-widget elementor-widget-text-editor\" data-id=\"325eb3bf\" data-element_type=\"widget\" data-widget_type=\"text-editor.default\">\n\t\t\t\t<div class=\"elementor-widget-container\">\n\t\t\t\t\t<div class=\"elementor-text-editor elementor-clearfix\"><p><span style=\"color: #4c4c4c;\">Si vous souhaitez nous soutenir financi\u00e8rement, vous pouvez faire un don \u00e0 l&#8217;association. Pour cela deux possibilit\u00e9s s&#8217;offrent \u00e0 vous : faire un don ponctuel ou bien faire un don automatique tous les mois (don mensuel). Un don mensuel m\u00eame d&#8217;un petit montant est toujours int\u00e9ressant pour l&#8217;association alors n&#8217;h\u00e9sitez pas \u00e0 contribuer au financement de nos activit\u00e9s via le don. Faire un don vous donne droit \u00e0 une r\u00e9duction d&#8217;imp\u00f4t de 66%. Par exemple un don de 40 euros ne vous co\u00fbtera en r\u00e9alit\u00e9 que 13,60 euros avec la r\u00e9duction fiscale.\u00a0<\/span><\/p><\/div>\n\t\t\t\t<\/div>\n\t\t\t\t<\/div>\n\t\t\t\t<div class=\"elementor-element elementor-element-dc798bd elementor-widget elementor-widget-wp-widget-custom_html\" data-id=\"dc798bd\" data-element_type=\"widget\" data-widget_type=\"wp-widget-custom_html.default\">\n\t\t\t\t<div class=\"elementor-widget-container\">\n\t\t\t<div class=\"textwidget custom-html-widget\">\t\t\t<iframe\n\t\t\t\tid=\"idIframe\"\n\t\t\t\tsrc=\"https:\/\/www.helloasso.com\/associations\/des-cris-des-villes\/formulaires\/1\/widget\"\n\t\t\t\theight=750px\"\t\t\t\twidth=100%\"\t\t\t\tframeborder=\"0\"\n\t\t\t\tloading=\"lazy\"\n\t\t\t\tallowtransparency=\"true\"\n\t\t\t\tonload=\"resizeIframeMessage()\"><\/iframe>\n<\/div>\t\t<\/div>\n\t\t\t\t<\/div>\n\t\t\t\t\t\t<\/div>\n\t\t\t\t\t<\/div>\n\t\t<\/div>\n\t\t\t\t\t\t\t\t<\/div>\n\t\t\t\t\t<\/div>\n\t\t<\/section>\n\t\t\t\t\t\t<\/div>\n\t\t\t\t\t\t<\/div>\n\t\t\t\t\t<\/div>\n\t\t","protected":false},"excerpt":{"rendered":"<p>Faire un don Si vous souhaitez nous soutenir financi\u00e8rement, vous pouvez faire un don \u00e0 l&#8217;association. Pour cela deux possibilit\u00e9s s&#8217;offrent \u00e0 vous : faire un don ponctuel ou bien faire un don automatique tous les mois (don mensuel). Un don mensuel m\u00eame d&#8217;un petit montant est toujours int\u00e9ressant pour l&#8217;association alors n&#8217;h\u00e9sitez pas \u00e0 [&hellip;]<\/p>\n","protected":false},"author":1,"featured_media":0,"parent":0,"menu_order":0,"comment_status":"closed","ping_status":"closed","template":"","meta":{"footnotes":""},"_links":{"self":[{"href":"https:\/\/descrisdesvilles.org\/index.php\/wp-json\/wp\/v2\/pages\/45"}],"collection":[{"href":"https:\/\/descrisdesvilles.org\/index.php\/wp-json\/wp\/v2\/pages"}],"about":[{"href":"https:\/\/descrisdesvilles.org\/index.php\/wp-json\/wp\/v2\/types\/page"}],"author":[{"embeddable":true,"href":"https:\/\/descrisdesvilles.org\/index.php\/wp-json\/wp\/v2\/users\/1"}],"replies":[{"embeddable":true,"href":"https:\/\/descrisdesvilles.org\/index.php\/wp-json\/wp\/v2\/comments?post=45"}],"version-history":[{"count":5,"href":"https:\/\/descrisdesvilles.org\/index.php\/wp-json\/wp\/v2\/pages\/45\/revisions"}],"predecessor-version":[{"id":506,"href":"https:\/\/descrisdesvilles.org\/index.php\/wp-json\/wp\/v2\/pages\/45\/revisions\/506"}],"wp:attachment":[{"href":"https:\/\/descrisdesvilles.org\/index.php\/wp-json\/wp\/v2\/media?parent=45"}],"curies":[{"name":"wp","href":"https:\/\/api.w.org\/{rel}","templated":true}]}}