{"id":44,"date":"2020-09-25T16:25:40","date_gmt":"2020-09-25T14:25:40","guid":{"rendered":"http:\/\/descrisdesvilles.org\/?page_id=44"},"modified":"2024-10-31T13:13:23","modified_gmt":"2024-10-31T12:13:23","slug":"devenirbenevoles","status":"publish","type":"page","link":"https:\/\/descrisdesvilles.org\/index.php\/devenirbenevoles\/","title":{"rendered":"Devenir b\u00e9n\u00e9voles"},"content":{"rendered":"\t\t<div data-elementor-type=\"wp-page\" data-elementor-id=\"44\" class=\"elementor elementor-44\" data-elementor-settings=\"[]\">\n\t\t\t\t\t\t<div class=\"elementor-inner\">\n\t\t\t\t\t\t\t<div class=\"elementor-section-wrap\">\n\t\t\t\t\t\t\t<section class=\"elementor-section elementor-top-section elementor-element elementor-element-df320de elementor-section-boxed elementor-section-height-default elementor-section-height-default\" data-id=\"df320de\" data-element_type=\"section\">\n\t\t\t\t\t\t<div class=\"elementor-container elementor-column-gap-default\">\n\t\t\t\t\t\t\t<div class=\"elementor-row\">\n\t\t\t\t\t<div class=\"elementor-column elementor-col-100 elementor-top-column elementor-element elementor-element-a69e3a9\" data-id=\"a69e3a9\" data-element_type=\"column\">\n\t\t\t<div class=\"elementor-column-wrap elementor-element-populated\">\n\t\t\t\t\t\t\t<div class=\"elementor-widget-wrap\">\n\t\t\t\t\t\t<div class=\"elementor-element elementor-element-195f30c elementor-widget elementor-widget-heading\" data-id=\"195f30c\" data-element_type=\"widget\" data-widget_type=\"heading.default\">\n\t\t\t\t<div class=\"elementor-widget-container\">\n\t\t\t<h1 class=\"elementor-heading-title elementor-size-default\">Devenir b\u00e9n\u00e9vole au sein de l'association <\/h1>\t\t<\/div>\n\t\t\t\t<\/div>\n\t\t\t\t\t\t<\/div>\n\t\t\t\t\t<\/div>\n\t\t<\/div>\n\t\t\t\t\t\t\t\t<\/div>\n\t\t\t\t\t<\/div>\n\t\t<\/section>\n\t\t\t\t<section class=\"elementor-section elementor-top-section elementor-element elementor-element-96633a3 elementor-section-boxed elementor-section-height-default elementor-section-height-default\" data-id=\"96633a3\" data-element_type=\"section\">\n\t\t\t\t\t\t<div class=\"elementor-container elementor-column-gap-default\">\n\t\t\t\t\t\t\t<div class=\"elementor-row\">\n\t\t\t\t\t<div class=\"elementor-column elementor-col-50 elementor-top-column elementor-element elementor-element-a639793\" data-id=\"a639793\" data-element_type=\"column\">\n\t\t\t<div class=\"elementor-column-wrap elementor-element-populated\">\n\t\t\t\t\t\t\t<div class=\"elementor-widget-wrap\">\n\t\t\t\t\t\t<div class=\"elementor-element elementor-element-6971355 elementor-widget elementor-widget-spacer\" data-id=\"6971355\" data-element_type=\"widget\" data-widget_type=\"spacer.default\">\n\t\t\t\t<div class=\"elementor-widget-container\">\n\t\t\t\t\t<div class=\"elementor-spacer\">\n\t\t\t<div class=\"elementor-spacer-inner\"><\/div>\n\t\t<\/div>\n\t\t\t\t<\/div>\n\t\t\t\t<\/div>\n\t\t\t\t<div class=\"elementor-element elementor-element-373d0b1 elementor-widget elementor-widget-text-editor\" data-id=\"373d0b1\" data-element_type=\"widget\" data-widget_type=\"text-editor.default\">\n\t\t\t\t<div class=\"elementor-widget-container\">\n\t\t\t\t\t<div class=\"elementor-text-editor elementor-clearfix\"><p>L\u2019association propose plusieurs missions qui peuvent s\u2019adapter \u00e0 vos envies mais aussi \u00e0 vos imp\u00e9ratifs.\u00a0<\/p><p>Elle fonctionne avec un conseil d\u2019administration b\u00e9n\u00e9vole qui aide les salari\u00e9.e.s dans leur mission et donne des conseils sur les activit\u00e9s, les d\u00e9cisions importantes qui ont trait \u00e0 l\u2019association.\u00a0<\/p><p>Mais elle fonctionne aussi gr\u00e2ce \u00e0 des b\u00e9n\u00e9voles qui co-animent avec les salari\u00e9.e.s ou d&#8217;autres b\u00e9n\u00e9voles des ateliers.\u00a0<\/p><p>Vous souhaitez nous rejoindre? N\u2019h\u00e9sitez pas \u00e0 nous contacter!<\/p><p>Vous avez envie de mener des actions qui correspondent aux valeurs de l\u2019asso et vous avez besoins d\u2019aide? Venez nous voir !\u00a0<\/p><p>Si tu rejoins l\u2019association tu pourras \u00eatre b\u00e9n\u00e9vole sur des projets tops g\u00e9niaux !\u00a0<\/p><p>Le groupe de b\u00e9n\u00e9voles consacr\u00e9s au podcast de l\u2019association est toujours \u00e0 la recherche de b\u00e9n\u00e9voles pour venir grossir ses rangs. Alors si tu veux les rejoindre n\u2019h\u00e9site pas.\u00a0<\/p><p>Et de mani\u00e8re plus g\u00e9n\u00e9rale, les b\u00e9n\u00e9voles de l\u2019association sont amen\u00e9s \u00e0 s&#8217;impliquer sur les diff\u00e9rents projets en cours. Alors n\u2019h\u00e9site pas \u00e0 nous contacter pour savoir sur quels projets tu pourras t\u2019impliquer en nous rejoignant.\u00a0<\/p><\/div>\n\t\t\t\t<\/div>\n\t\t\t\t<\/div>\n\t\t\t\t\t\t<\/div>\n\t\t\t\t\t<\/div>\n\t\t<\/div>\n\t\t\t\t<div class=\"elementor-column elementor-col-50 elementor-top-column elementor-element elementor-element-308aa17\" data-id=\"308aa17\" data-element_type=\"column\">\n\t\t\t<div class=\"elementor-column-wrap elementor-element-populated\">\n\t\t\t\t\t\t\t<div class=\"elementor-widget-wrap\">\n\t\t\t\t\t\t<div class=\"elementor-element elementor-element-77a6907 elementor-widget elementor-widget-shortcode\" data-id=\"77a6907\" data-element_type=\"widget\" data-widget_type=\"shortcode.default\">\n\t\t\t\t<div class=\"elementor-widget-container\">\n\t\t\t\t\t<div class=\"elementor-shortcode\"><iframe id=\"haWidget\" allowtransparency=\"true\" scrolling=\"auto\" src=\"https:\/\/www.helloasso.com\/associations\/des-cris-des-villes\/adhesions\/adhesion-2024\/widget\" style=\"width: 100%; height: 750px; border: none;\"><\/iframe><\/div>\n\t\t\t\t<\/div>\n\t\t\t\t<\/div>\n\t\t\t\t\t\t<\/div>\n\t\t\t\t\t<\/div>\n\t\t<\/div>\n\t\t\t\t\t\t\t\t<\/div>\n\t\t\t\t\t<\/div>\n\t\t<\/section>\n\t\t\t\t\t\t<\/div>\n\t\t\t\t\t\t<\/div>\n\t\t\t\t\t<\/div>\n\t\t","protected":false},"excerpt":{"rendered":"<p>Devenir b\u00e9n\u00e9vole au sein de l&#8217;association L\u2019association propose plusieurs missions qui peuvent s\u2019adapter \u00e0 vos envies mais aussi \u00e0 vos imp\u00e9ratifs.\u00a0 Elle fonctionne avec un conseil d\u2019administration b\u00e9n\u00e9vole qui aide les salari\u00e9.e.s dans leur mission et donne des conseils sur les activit\u00e9s, les d\u00e9cisions importantes qui ont trait \u00e0 l\u2019association.\u00a0 Mais elle fonctionne aussi gr\u00e2ce [&hellip;]<\/p>\n","protected":false},"author":1,"featured_media":0,"parent":0,"menu_order":0,"comment_status":"closed","ping_status":"closed","template":"","meta":{"footnotes":""},"_links":{"self":[{"href":"https:\/\/descrisdesvilles.org\/index.php\/wp-json\/wp\/v2\/pages\/44"}],"collection":[{"href":"https:\/\/descrisdesvilles.org\/index.php\/wp-json\/wp\/v2\/pages"}],"about":[{"href":"https:\/\/descrisdesvilles.org\/index.php\/wp-json\/wp\/v2\/types\/page"}],"author":[{"embeddable":true,"href":"https:\/\/descrisdesvilles.org\/index.php\/wp-json\/wp\/v2\/users\/1"}],"replies":[{"embeddable":true,"href":"https:\/\/descrisdesvilles.org\/index.php\/wp-json\/wp\/v2\/comments?post=44"}],"version-history":[{"count":22,"href":"https:\/\/descrisdesvilles.org\/index.php\/wp-json\/wp\/v2\/pages\/44\/revisions"}],"predecessor-version":[{"id":1939,"href":"https:\/\/descrisdesvilles.org\/index.php\/wp-json\/wp\/v2\/pages\/44\/revisions\/1939"}],"wp:attachment":[{"href":"https:\/\/descrisdesvilles.org\/index.php\/wp-json\/wp\/v2\/media?parent=44"}],"curies":[{"name":"wp","href":"https:\/\/api.w.org\/{rel}","templated":true}]}}