{"id":43,"date":"2020-09-25T16:25:40","date_gmt":"2020-09-25T14:25:40","guid":{"rendered":"http:\/\/descrisdesvilles.org\/?page_id=43"},"modified":"2024-10-31T13:14:46","modified_gmt":"2024-10-31T12:14:46","slug":"nosoutilspedagogique","status":"publish","type":"page","link":"https:\/\/descrisdesvilles.org\/index.php\/nosoutilspedagogique\/","title":{"rendered":"Nos outils p\u00e9dagogiques"},"content":{"rendered":"\t\t<div data-elementor-type=\"wp-page\" data-elementor-id=\"43\" class=\"elementor elementor-43\" data-elementor-settings=\"[]\">\n\t\t\t\t\t\t<div class=\"elementor-inner\">\n\t\t\t\t\t\t\t<div class=\"elementor-section-wrap\">\n\t\t\t\t\t\t\t<section class=\"elementor-section elementor-top-section elementor-element elementor-element-e9f0d0d elementor-section-boxed elementor-section-height-default elementor-section-height-default\" data-id=\"e9f0d0d\" data-element_type=\"section\">\n\t\t\t\t\t\t<div class=\"elementor-container elementor-column-gap-default\">\n\t\t\t\t\t\t\t<div class=\"elementor-row\">\n\t\t\t\t\t<div class=\"elementor-column elementor-col-100 elementor-top-column elementor-element elementor-element-c81fdf7\" data-id=\"c81fdf7\" data-element_type=\"column\">\n\t\t\t<div class=\"elementor-column-wrap elementor-element-populated\">\n\t\t\t\t\t\t\t<div class=\"elementor-widget-wrap\">\n\t\t\t\t\t\t<div class=\"elementor-element elementor-element-2bfcbb1 elementor-widget elementor-widget-heading\" data-id=\"2bfcbb1\" data-element_type=\"widget\" data-widget_type=\"heading.default\">\n\t\t\t\t<div class=\"elementor-widget-container\">\n\t\t\t<h1 class=\"elementor-heading-title elementor-size-default\">Et la ville elle est \u00e0 qui ? <\/h1>\t\t<\/div>\n\t\t\t\t<\/div>\n\t\t\t\t\t\t<\/div>\n\t\t\t\t\t<\/div>\n\t\t<\/div>\n\t\t\t\t\t\t\t\t<\/div>\n\t\t\t\t\t<\/div>\n\t\t<\/section>\n\t\t\t\t<section class=\"elementor-section elementor-top-section elementor-element elementor-element-57548a6 elementor-section-boxed elementor-section-height-default elementor-section-height-default\" data-id=\"57548a6\" data-element_type=\"section\">\n\t\t\t\t\t\t<div class=\"elementor-container elementor-column-gap-default\">\n\t\t\t\t\t\t\t<div class=\"elementor-row\">\n\t\t\t\t\t<div class=\"elementor-column elementor-col-100 elementor-top-column elementor-element elementor-element-435b01d\" data-id=\"435b01d\" data-element_type=\"column\">\n\t\t\t<div class=\"elementor-column-wrap elementor-element-populated\">\n\t\t\t\t\t\t\t<div class=\"elementor-widget-wrap\">\n\t\t\t\t\t\t<div class=\"elementor-element elementor-element-3a0654e elementor-widget elementor-widget-spacer\" data-id=\"3a0654e\" data-element_type=\"widget\" data-widget_type=\"spacer.default\">\n\t\t\t\t<div class=\"elementor-widget-container\">\n\t\t\t\t\t<div class=\"elementor-spacer\">\n\t\t\t<div class=\"elementor-spacer-inner\"><\/div>\n\t\t<\/div>\n\t\t\t\t<\/div>\n\t\t\t\t<\/div>\n\t\t\t\t\t\t<\/div>\n\t\t\t\t\t<\/div>\n\t\t<\/div>\n\t\t\t\t\t\t\t\t<\/div>\n\t\t\t\t\t<\/div>\n\t\t<\/section>\n\t\t\t\t<section class=\"elementor-section elementor-top-section elementor-element elementor-element-5a8e871 elementor-section-boxed elementor-section-height-default elementor-section-height-default\" data-id=\"5a8e871\" data-element_type=\"section\">\n\t\t\t\t\t\t<div class=\"elementor-container elementor-column-gap-default\">\n\t\t\t\t\t\t\t<div class=\"elementor-row\">\n\t\t\t\t\t<div class=\"elementor-column elementor-col-50 elementor-top-column elementor-element elementor-element-4986ee5\" data-id=\"4986ee5\" data-element_type=\"column\">\n\t\t\t<div class=\"elementor-column-wrap elementor-element-populated\">\n\t\t\t\t\t\t\t<div class=\"elementor-widget-wrap\">\n\t\t\t\t\t\t<div class=\"elementor-element elementor-element-83efa92 elementor-widget elementor-widget-text-editor\" data-id=\"83efa92\" data-element_type=\"widget\" data-widget_type=\"text-editor.default\">\n\t\t\t\t<div class=\"elementor-widget-container\">\n\t\t\t\t\t<div class=\"elementor-text-editor elementor-clearfix\"><p>L\u2019association Des cris des villes a le plaisir de vous annoncer la parution de l\u2019ouvrage collectif <i>Et la ville elle est \u00e0 qui ? <\/i>qui vise \u00e0 partager l\u2019int\u00e9r\u00eat de l\u2019\u00e9ducation populaire et de son application dans la question de l\u2019am\u00e9nagement des espaces, mais aussi de rappeler le caract\u00e8re politique et collectif de la ville.<\/p><p>Organis\u00e9 autour de trois grandes parties r\u00e9unissant au total sept chapitres, cet ouvrage revient sur les principales transformations sociales pour lesquelles nous \u0153uvrons au sein de l\u2019association. Pour chacune d\u2019elles, dans une logique d\u2019\u00e9ducation populaire, nous abordons la th\u00e9matique sous <b>un angle th\u00e9orique<\/b>, afin de d\u00e9finir les enjeux, mais aussi via un exemple de<b> d\u00e9marche<\/b> permettant d\u2019illustrer ce qu\u2019on entend par militer et agir autour de cet enjeu. Enfin, nous d\u00e9crivons <b>un outil pouvant \u00eatre utilis\u00e9 pour mettre en place cette d\u00e9marche<\/b> : des informations sur l\u2019outil en lui-m\u00eame, sa mise en \u0153uvre pratique, des conseils ou erreurs \u00e0 \u00e9viter, etc. En bref, <b>un \u00e9quilibre entre th\u00e9orie et pratique<\/b>, qui on l\u2019esp\u00e8re sera utile \u00e0 toute personne s\u2019int\u00e9ressant, travaillant, militant, s\u2019informant autour de ces questions : animateur\u00b7ices, professionnel\u00b7les de l\u2019am\u00e9nagement urbain, travailleur\u00b7euses sociaux..<\/p><p>Si vous souhaitez en savoir plus sur l&#8217;ouvrage n\u2019h\u00e9sitez pas \u00e0 consulter notre dossier de presse. Vous pouvez le retrouver en <a href=\"https:\/\/www.calameo.com\/read\/006526982a615cc09f38f\">cliquant ici.\u00a0<\/a><\/p><p>Vous pouvez commander le livre d\u00e8s maintenant sur notre boutique helloasso, que vous retrouvez ci-dessous.<\/p><p>Nous vous remercions pour votre lecture et nous r\u00e9jouissons de vos \u00e9ventuels retours !<\/p><p>Et n&#8217;oubliez pas de parler du livre autour de vous pour le faire connaitre au plus grand nombre et que l&#8217;on puisse mettre les habitant\u00b7es au c\u0153ur de la ville et de sa conception.<\/p><\/div>\n\t\t\t\t<\/div>\n\t\t\t\t<\/div>\n\t\t\t\t\t\t<\/div>\n\t\t\t\t\t<\/div>\n\t\t<\/div>\n\t\t\t\t<div class=\"elementor-column elementor-col-50 elementor-top-column elementor-element elementor-element-5f49cc9\" data-id=\"5f49cc9\" data-element_type=\"column\">\n\t\t\t<div class=\"elementor-column-wrap elementor-element-populated\">\n\t\t\t\t\t\t\t<div class=\"elementor-widget-wrap\">\n\t\t\t\t\t\t<div class=\"elementor-element elementor-element-e35c6bd elementor-widget elementor-widget-image\" data-id=\"e35c6bd\" data-element_type=\"widget\" data-widget_type=\"image.default\">\n\t\t\t\t<div class=\"elementor-widget-container\">\n\t\t\t\t\t<div class=\"elementor-image\">\n\t\t\t\t\t\t\t\t\t\t<img loading=\"lazy\" decoding=\"async\" width=\"1024\" height=\"819\" src=\"https:\/\/descrisdesvilles.org\/wp-content\/uploads\/2024\/10\/annonce--1024x819.jpg\" class=\"attachment-large size-large\" alt=\"\" srcset=\"https:\/\/descrisdesvilles.org\/wp-content\/uploads\/2024\/10\/annonce--1024x819.jpg 1024w, https:\/\/descrisdesvilles.org\/wp-content\/uploads\/2024\/10\/annonce--300x240.jpg 300w, https:\/\/descrisdesvilles.org\/wp-content\/uploads\/2024\/10\/annonce--768x614.jpg 768w, https:\/\/descrisdesvilles.org\/wp-content\/uploads\/2024\/10\/annonce--1536x1229.jpg 1536w, https:\/\/descrisdesvilles.org\/wp-content\/uploads\/2024\/10\/annonce--2048x1638.jpg 2048w\" sizes=\"(max-width: 1024px) 100vw, 1024px\" \/>\t\t\t\t\t\t\t\t\t\t\t<\/div>\n\t\t\t\t<\/div>\n\t\t\t\t<\/div>\n\t\t\t\t\t\t<\/div>\n\t\t\t\t\t<\/div>\n\t\t<\/div>\n\t\t\t\t\t\t\t\t<\/div>\n\t\t\t\t\t<\/div>\n\t\t<\/section>\n\t\t\t\t<section class=\"elementor-section elementor-top-section elementor-element elementor-element-57fce68 elementor-section-boxed elementor-section-height-default elementor-section-height-default\" data-id=\"57fce68\" data-element_type=\"section\">\n\t\t\t\t\t\t<div class=\"elementor-container elementor-column-gap-default\">\n\t\t\t\t\t\t\t<div class=\"elementor-row\">\n\t\t\t\t\t<div class=\"elementor-column elementor-col-100 elementor-top-column elementor-element elementor-element-8020a22\" data-id=\"8020a22\" data-element_type=\"column\">\n\t\t\t<div class=\"elementor-column-wrap elementor-element-populated\">\n\t\t\t\t\t\t\t<div class=\"elementor-widget-wrap\">\n\t\t\t\t\t\t<div class=\"elementor-element elementor-element-e26d319 elementor-widget elementor-widget-shortcode\" data-id=\"e26d319\" data-element_type=\"widget\" data-widget_type=\"shortcode.default\">\n\t\t\t\t<div class=\"elementor-widget-container\">\n\t\t\t\t\t<div class=\"elementor-shortcode\"><iframe id=\"haWidget\" allowtransparency=\"true\" scrolling=\"auto\" src=\"https:\/\/www.helloasso.com\/associations\/des-cris-des-villes\/boutiques\/et-la-ville-elle-est-a-qui\/widget\" style=\"width: 100%; height: 750px; border: none;\"><\/iframe><\/div>\n\t\t\t\t<\/div>\n\t\t\t\t<\/div>\n\t\t\t\t\t\t<\/div>\n\t\t\t\t\t<\/div>\n\t\t<\/div>\n\t\t\t\t\t\t\t\t<\/div>\n\t\t\t\t\t<\/div>\n\t\t<\/section>\n\t\t\t\t\t\t<\/div>\n\t\t\t\t\t\t<\/div>\n\t\t\t\t\t<\/div>\n\t\t","protected":false},"excerpt":{"rendered":"<p>Et la ville elle est \u00e0 qui ? L\u2019association Des cris des villes a le plaisir de vous annoncer la parution de l\u2019ouvrage collectif Et la ville elle est \u00e0 qui ? qui vise \u00e0 partager l\u2019int\u00e9r\u00eat de l\u2019\u00e9ducation populaire et de son application dans la question de l\u2019am\u00e9nagement des espaces, mais aussi de rappeler [&hellip;]<\/p>\n","protected":false},"author":1,"featured_media":0,"parent":0,"menu_order":0,"comment_status":"closed","ping_status":"closed","template":"","meta":{"footnotes":""},"_links":{"self":[{"href":"https:\/\/descrisdesvilles.org\/index.php\/wp-json\/wp\/v2\/pages\/43"}],"collection":[{"href":"https:\/\/descrisdesvilles.org\/index.php\/wp-json\/wp\/v2\/pages"}],"about":[{"href":"https:\/\/descrisdesvilles.org\/index.php\/wp-json\/wp\/v2\/types\/page"}],"author":[{"embeddable":true,"href":"https:\/\/descrisdesvilles.org\/index.php\/wp-json\/wp\/v2\/users\/1"}],"replies":[{"embeddable":true,"href":"https:\/\/descrisdesvilles.org\/index.php\/wp-json\/wp\/v2\/comments?post=43"}],"version-history":[{"count":6,"href":"https:\/\/descrisdesvilles.org\/index.php\/wp-json\/wp\/v2\/pages\/43\/revisions"}],"predecessor-version":[{"id":1942,"href":"https:\/\/descrisdesvilles.org\/index.php\/wp-json\/wp\/v2\/pages\/43\/revisions\/1942"}],"wp:attachment":[{"href":"https:\/\/descrisdesvilles.org\/index.php\/wp-json\/wp\/v2\/media?parent=43"}],"curies":[{"name":"wp","href":"https:\/\/api.w.org\/{rel}","templated":true}]}}