{"id":38,"date":"2020-09-25T16:25:40","date_gmt":"2020-09-25T14:25:40","guid":{"rendered":"http:\/\/descrisdesvilles.org\/?page_id=38"},"modified":"2024-10-31T10:15:58","modified_gmt":"2024-10-31T09:15:58","slug":"lequipe","status":"publish","type":"page","link":"https:\/\/descrisdesvilles.org\/index.php\/lequipe\/","title":{"rendered":"L&#8217;\u00e9quipe"},"content":{"rendered":"\t\t<div data-elementor-type=\"wp-page\" data-elementor-id=\"38\" class=\"elementor elementor-38\" data-elementor-settings=\"[]\">\n\t\t\t\t\t\t<div class=\"elementor-inner\">\n\t\t\t\t\t\t\t<div class=\"elementor-section-wrap\">\n\t\t\t\t\t\t\t<section class=\"elementor-section elementor-top-section elementor-element elementor-element-fbca615 elementor-section-boxed elementor-section-height-default elementor-section-height-default\" data-id=\"fbca615\" data-element_type=\"section\">\n\t\t\t\t\t\t<div class=\"elementor-container elementor-column-gap-default\">\n\t\t\t\t\t\t\t<div class=\"elementor-row\">\n\t\t\t\t\t<div class=\"elementor-column elementor-col-100 elementor-top-column elementor-element elementor-element-737ecc7\" data-id=\"737ecc7\" data-element_type=\"column\">\n\t\t\t<div class=\"elementor-column-wrap elementor-element-populated\">\n\t\t\t\t\t\t\t<div class=\"elementor-widget-wrap\">\n\t\t\t\t\t\t<div class=\"elementor-element elementor-element-b1c8c31 elementor-widget elementor-widget-text-editor\" data-id=\"b1c8c31\" data-element_type=\"widget\" data-widget_type=\"text-editor.default\">\n\t\t\t\t<div class=\"elementor-widget-container\">\n\t\t\t\t\t<div class=\"elementor-text-editor elementor-clearfix\"><h1>L&#8217;\u00e9quipe<\/h1><\/div>\n\t\t\t\t<\/div>\n\t\t\t\t<\/div>\n\t\t\t\t\t\t<\/div>\n\t\t\t\t\t<\/div>\n\t\t<\/div>\n\t\t\t\t\t\t\t\t<\/div>\n\t\t\t\t\t<\/div>\n\t\t<\/section>\n\t\t\t\t<section class=\"elementor-section elementor-top-section elementor-element elementor-element-cfaf72d elementor-section-boxed elementor-section-height-default elementor-section-height-default\" data-id=\"cfaf72d\" data-element_type=\"section\">\n\t\t\t\t\t\t<div class=\"elementor-container elementor-column-gap-default\">\n\t\t\t\t\t\t\t<div class=\"elementor-row\">\n\t\t\t\t\t<div class=\"elementor-column elementor-col-100 elementor-top-column elementor-element elementor-element-bb21e95\" data-id=\"bb21e95\" data-element_type=\"column\">\n\t\t\t<div class=\"elementor-column-wrap elementor-element-populated\">\n\t\t\t\t\t\t\t<div class=\"elementor-widget-wrap\">\n\t\t\t\t\t\t<div class=\"elementor-element elementor-element-7a2e6c0 elementor-widget elementor-widget-text-editor\" data-id=\"7a2e6c0\" data-element_type=\"widget\" data-widget_type=\"text-editor.default\">\n\t\t\t\t<div class=\"elementor-widget-container\">\n\t\t\t\t\t<div class=\"elementor-text-editor elementor-clearfix\"><p><b><span id=\"docs-internal-guid-0e90af4e-7fff-3dc1-ca55-646c78bf2fe1\" style=\"font-size: 12pt; font-family: Arial; color: #000000; background-color: transparent; font-style: normal; font-variant: normal; text-decoration: none; vertical-align: baseline; white-space: pre-wrap;\"><span style=\"color: #4c4c4c;\">L\u2019association fonctionne avec un conseil d\u2019administration, une \u00e9quipe salari\u00e9e et des b\u00e9n\u00e9voles.<\/span> <\/span><\/b><\/p><\/div>\n\t\t\t\t<\/div>\n\t\t\t\t<\/div>\n\t\t\t\t<div class=\"elementor-element elementor-element-0baad51 elementor-widget elementor-widget-heading\" data-id=\"0baad51\" data-element_type=\"widget\" data-widget_type=\"heading.default\">\n\t\t\t\t<div class=\"elementor-widget-container\">\n\t\t\t<h2 class=\"elementor-heading-title elementor-size-default\">Les salari\u00e9.e.s<\/h2>\t\t<\/div>\n\t\t\t\t<\/div>\n\t\t\t\t<div class=\"elementor-element elementor-element-9d0fee1 elementor-widget elementor-widget-text-editor\" data-id=\"9d0fee1\" data-element_type=\"widget\" data-widget_type=\"text-editor.default\">\n\t\t\t\t<div class=\"elementor-widget-container\">\n\t\t\t\t\t<div class=\"elementor-text-editor elementor-clearfix\"><p><span style=\"font-size: 12pt; font-family: Arial; color: #4c4c4c; background-color: transparent; font-weight: 400; font-style: normal; font-variant: normal; text-decoration: none; vertical-align: baseline; white-space: pre-wrap;\">L\u2019association est compos\u00e9e de trois salari\u00e9.e.s, en charge de d\u00e9velopper et assurer la mise en place des projets de l\u2019association. L\u2019\u00e9quipe salari\u00e9e est sous la responsabilit\u00e9 du conseil d\u2019administration et est compos\u00e9e de :\u00a0<\/span><\/p><ul><li dir=\"ltr\" style=\"line-height: 1.38;\"><span style=\"font-size: 12pt; font-family: Arial; color: #4c4c4c; background-color: transparent; font-weight: 400; font-style: normal; font-variant: normal; text-decoration: none; vertical-align: baseline; white-space: pre-wrap;\">Marjolaine AZEMA, formation initiale : design d&#8217;objet et animation.<\/span><\/li><li dir=\"ltr\" style=\"line-height: 1.38;\"><span style=\"font-size: 12pt; font-family: Arial; color: #4c4c4c; background-color: transparent; font-weight: 400; font-style: normal; font-variant: normal; text-decoration: none; vertical-align: baseline; white-space: pre-wrap;\">Nawel BENNACEF, formation initiale : design d&#8217;espace et animation.<\/span><\/li><li dir=\"ltr\" style=\"line-height: 1.38;\"><span style=\"font-size: 12pt; font-family: Arial; color: #4c4c4c; background-color: transparent; font-weight: 400; font-style: normal; font-variant: normal; text-decoration: none; vertical-align: baseline; white-space: pre-wrap;\">Samuel BUTEAU, formation initiale : sociologie, urbanisme et animation.\u00a0<\/span><\/li><\/ul><\/div>\n\t\t\t\t<\/div>\n\t\t\t\t<\/div>\n\t\t\t\t<div class=\"elementor-element elementor-element-340834e elementor-widget elementor-widget-heading\" data-id=\"340834e\" data-element_type=\"widget\" data-widget_type=\"heading.default\">\n\t\t\t\t<div class=\"elementor-widget-container\">\n\t\t\t<h2 class=\"elementor-heading-title elementor-size-default\">Les personnes en stage et\/ou alternance<\/h2>\t\t<\/div>\n\t\t\t\t<\/div>\n\t\t\t\t<div class=\"elementor-element elementor-element-19735c7 elementor-widget elementor-widget-text-editor\" data-id=\"19735c7\" data-element_type=\"widget\" data-widget_type=\"text-editor.default\">\n\t\t\t\t<div class=\"elementor-widget-container\">\n\t\t\t\t\t<div class=\"elementor-text-editor elementor-clearfix\"><p>L\u2019association attache une importance au lien entre le monde professionnel et l\u2019enseignement sup\u00e9rieur ainsi qu\u2019\u00e0 la formation des \u00e9tudiant.e.s. C\u2019est pourquoi nous accueillons des personnes en stage et\/ou en apprentissage.<\/p><p>Actuellement et jusqu\u2019\u00e0 la mi septembre 2025 nous accueillons Paco Lhommelet dans le cadre de son ann\u00e9e de M2<i> ville europ\u00e9enne : urbanisme am\u00e9nagement et dynamiques sociales <\/i>qu\u2019il r\u00e9alise en alternance au sein de l\u2019association.<\/p><\/div>\n\t\t\t\t<\/div>\n\t\t\t\t<\/div>\n\t\t\t\t<div class=\"elementor-element elementor-element-9da55ca elementor-widget elementor-widget-heading\" data-id=\"9da55ca\" data-element_type=\"widget\" data-widget_type=\"heading.default\">\n\t\t\t\t<div class=\"elementor-widget-container\">\n\t\t\t<h2 class=\"elementor-heading-title elementor-size-default\">Le conseil d'administration<\/h2>\t\t<\/div>\n\t\t\t\t<\/div>\n\t\t\t\t<div class=\"elementor-element elementor-element-73d8401 elementor-widget elementor-widget-text-editor\" data-id=\"73d8401\" data-element_type=\"widget\" data-widget_type=\"text-editor.default\">\n\t\t\t\t<div class=\"elementor-widget-container\">\n\t\t\t\t\t<div class=\"elementor-text-editor elementor-clearfix\"><p><span style=\"font-size: 12pt; font-family: Arial; background-color: transparent; font-weight: 400; font-style: normal; font-variant: normal; text-decoration: none; vertical-align: baseline; white-space: pre-wrap; color: #4c4c4c;\">Le conseil d\u2019administration est le seul et unique organe de gestion de l\u2019association. Il est organis\u00e9 de mani\u00e8re coll\u00e9giale. Il n\u2019y a donc pas de pr\u00e9sidente, secr\u00e9taire, tr\u00e9sori\u00e8re au sein de l\u2019association. Les administratrices se partagent les responsabilit\u00e9s et les diff\u00e9rentes t\u00e2ches de gestion de l\u2019association. Le conseil d\u2019administration est b\u00e9n\u00e9vole et est renouvel\u00e9 chaque ann\u00e9e lors de l\u2019assembl\u00e9e g\u00e9n\u00e9rale. Il est actuellement compos\u00e9 de\u00a0:<\/span><span style=\"font-size: 12pt; font-family: Arial; background-color: transparent; font-weight: 400; font-style: normal; font-variant: normal; text-decoration: none; vertical-align: baseline; white-space: pre-wrap; color: #4c4c4c;\">\u00a0<\/span><\/p><ul><li dir=\"ltr\" style=\"line-height: 1.38;\"><span style=\"font-size: 12pt; font-family: Arial; background-color: transparent; font-weight: 400; font-style: normal; font-variant: normal; text-decoration: none; vertical-align: baseline; white-space: pre-wrap;\"><span style=\"color: #4c4c4c;\">Salom\u00e9 DELMOTTE, charg\u00e9e de mission dans une association de lutte contre le gaspillage alimentaire, g\u00e9ographe et ethnologue de formation<\/span><\/span><\/li><li dir=\"ltr\" style=\"line-height: 1.38;\"><span style=\"font-size: 12pt; font-family: Arial; background-color: transparent; font-weight: 400; font-style: normal; font-variant: normal; text-decoration: none; vertical-align: baseline; white-space: pre-wrap;\">Juliane HOSXE, urbaniste travaillant dans la conception lumi\u00e8re<br \/><\/span><\/li><li dir=\"ltr\" style=\"line-height: 1.38;\"><span style=\"font-size: 12pt; font-family: Arial; background-color: transparent; font-weight: 400; font-style: normal; font-variant: normal; text-decoration: none; vertical-align: baseline; white-space: pre-wrap;\">Asia HOUIS, charg\u00e9e de d\u00e9veloppement en lyc\u00e9e agricole, ayant suivi une formation initiale en design d&#8217;espace<\/span><\/li><li dir=\"ltr\" style=\"line-height: 1.38;\"><span style=\"font-size: 12pt; font-family: Arial; background-color: transparent; font-weight: 400; font-style: normal; font-variant: normal; text-decoration: none; vertical-align: baseline; white-space: pre-wrap;\">Marie MOSQUET, paysagiste travaillant dans une agence de paysage <\/span><\/li><li dir=\"ltr\" style=\"line-height: 1.38;\"><span style=\"font-size: 12pt; font-family: Arial; background-color: transparent; font-weight: 400; font-style: normal; font-variant: normal; text-decoration: none; vertical-align: baseline; white-space: pre-wrap;\">Pauline QUINTART, architecte travaillant en agence d&#8217;architecture<\/span><\/li><\/ul><\/div>\n\t\t\t\t<\/div>\n\t\t\t\t<\/div>\n\t\t\t\t<div class=\"elementor-element elementor-element-2d51559 elementor-widget elementor-widget-heading\" data-id=\"2d51559\" data-element_type=\"widget\" data-widget_type=\"heading.default\">\n\t\t\t\t<div class=\"elementor-widget-container\">\n\t\t\t<h2 class=\"elementor-heading-title elementor-size-default\">Les b\u00e9n\u00e9voles<\/h2>\t\t<\/div>\n\t\t\t\t<\/div>\n\t\t\t\t<div class=\"elementor-element elementor-element-d368257 elementor-widget elementor-widget-text-editor\" data-id=\"d368257\" data-element_type=\"widget\" data-widget_type=\"text-editor.default\">\n\t\t\t\t<div class=\"elementor-widget-container\">\n\t\t\t\t\t<div class=\"elementor-text-editor elementor-clearfix\"><p><span style=\"font-size: 12pt; font-family: Arial; color: #4c4c4c; background-color: transparent; font-weight: 400; font-style: normal; font-variant: normal; text-decoration: none; vertical-align: baseline; white-space: pre-wrap;\">D&#8217;autres b\u00e9n\u00e9voles participent aux diff\u00e9rents projets et aux temps collectifs de l\u2019association, en fonction de leurs disponibilit\u00e9s. Pour plus d\u2019informations sur le b\u00e9n\u00e9volat \u00e0 Des cris des villes vous pouvez vous rendre sur la page <a href=\"http:\/\/descrisdesvilles.org\/index.php\/devenirbenevoles\/\">devenir b\u00e9n\u00e9voles<\/a>.<\/span><\/p><\/div>\n\t\t\t\t<\/div>\n\t\t\t\t<\/div>\n\t\t\t\t\t\t<\/div>\n\t\t\t\t\t<\/div>\n\t\t<\/div>\n\t\t\t\t\t\t\t\t<\/div>\n\t\t\t\t\t<\/div>\n\t\t<\/section>\n\t\t\t\t<section class=\"elementor-section elementor-top-section elementor-element elementor-element-473572d elementor-section-boxed elementor-section-height-default elementor-section-height-default\" data-id=\"473572d\" data-element_type=\"section\">\n\t\t\t\t\t\t<div class=\"elementor-container elementor-column-gap-default\">\n\t\t\t\t\t\t\t<div class=\"elementor-row\">\n\t\t\t\t\t<div class=\"elementor-column elementor-col-100 elementor-top-column elementor-element elementor-element-396fc74\" data-id=\"396fc74\" data-element_type=\"column\">\n\t\t\t<div class=\"elementor-column-wrap elementor-element-populated\">\n\t\t\t\t\t\t\t<div class=\"elementor-widget-wrap\">\n\t\t\t\t\t\t<div class=\"elementor-element elementor-element-9efd3c4 elementor-widget elementor-widget-image\" data-id=\"9efd3c4\" data-element_type=\"widget\" data-widget_type=\"image.default\">\n\t\t\t\t<div class=\"elementor-widget-container\">\n\t\t\t\t\t<div class=\"elementor-image\">\n\t\t\t\t\t\t\t\t\t\t<img loading=\"lazy\" decoding=\"async\" width=\"1024\" height=\"632\" src=\"https:\/\/descrisdesvilles.org\/wp-content\/uploads\/2021\/08\/equipe-1024x632.jpg\" class=\"attachment-large size-large\" alt=\"\" srcset=\"https:\/\/descrisdesvilles.org\/wp-content\/uploads\/2021\/08\/equipe-1024x632.jpg 1024w, https:\/\/descrisdesvilles.org\/wp-content\/uploads\/2021\/08\/equipe-300x185.jpg 300w, https:\/\/descrisdesvilles.org\/wp-content\/uploads\/2021\/08\/equipe-768x474.jpg 768w, https:\/\/descrisdesvilles.org\/wp-content\/uploads\/2021\/08\/equipe-1536x948.jpg 1536w, https:\/\/descrisdesvilles.org\/wp-content\/uploads\/2021\/08\/equipe-2048x1265.jpg 2048w\" sizes=\"(max-width: 1024px) 100vw, 1024px\" \/>\t\t\t\t\t\t\t\t\t\t\t<\/div>\n\t\t\t\t<\/div>\n\t\t\t\t<\/div>\n\t\t\t\t\t\t<\/div>\n\t\t\t\t\t<\/div>\n\t\t<\/div>\n\t\t\t\t\t\t\t\t<\/div>\n\t\t\t\t\t<\/div>\n\t\t<\/section>\n\t\t\t\t\t\t<\/div>\n\t\t\t\t\t\t<\/div>\n\t\t\t\t\t<\/div>\n\t\t","protected":false},"excerpt":{"rendered":"<p>L&#8217;\u00e9quipe L\u2019association fonctionne avec un conseil d\u2019administration, une \u00e9quipe salari\u00e9e et des b\u00e9n\u00e9voles. Les salari\u00e9.e.s L\u2019association est compos\u00e9e de trois salari\u00e9.e.s, en charge de d\u00e9velopper et assurer la mise en place des projets de l\u2019association. L\u2019\u00e9quipe salari\u00e9e est sous la responsabilit\u00e9 du conseil d\u2019administration et est compos\u00e9e de :\u00a0 Marjolaine AZEMA, formation initiale : design [&hellip;]<\/p>\n","protected":false},"author":1,"featured_media":0,"parent":0,"menu_order":0,"comment_status":"closed","ping_status":"closed","template":"","meta":{"footnotes":""},"_links":{"self":[{"href":"https:\/\/descrisdesvilles.org\/index.php\/wp-json\/wp\/v2\/pages\/38"}],"collection":[{"href":"https:\/\/descrisdesvilles.org\/index.php\/wp-json\/wp\/v2\/pages"}],"about":[{"href":"https:\/\/descrisdesvilles.org\/index.php\/wp-json\/wp\/v2\/types\/page"}],"author":[{"embeddable":true,"href":"https:\/\/descrisdesvilles.org\/index.php\/wp-json\/wp\/v2\/users\/1"}],"replies":[{"embeddable":true,"href":"https:\/\/descrisdesvilles.org\/index.php\/wp-json\/wp\/v2\/comments?post=38"}],"version-history":[{"count":20,"href":"https:\/\/descrisdesvilles.org\/index.php\/wp-json\/wp\/v2\/pages\/38\/revisions"}],"predecessor-version":[{"id":1537,"href":"https:\/\/descrisdesvilles.org\/index.php\/wp-json\/wp\/v2\/pages\/38\/revisions\/1537"}],"wp:attachment":[{"href":"https:\/\/descrisdesvilles.org\/index.php\/wp-json\/wp\/v2\/media?parent=38"}],"curies":[{"name":"wp","href":"https:\/\/api.w.org\/{rel}","templated":true}]}}