{"id":1818,"date":"2024-10-31T12:15:46","date_gmt":"2024-10-31T11:15:46","guid":{"rendered":"http:\/\/descrisdesvilles.org\/?page_id=1818"},"modified":"2024-10-31T12:22:55","modified_gmt":"2024-10-31T11:22:55","slug":"recherche-action","status":"publish","type":"page","link":"https:\/\/descrisdesvilles.org\/index.php\/recherche-action\/","title":{"rendered":"Recherche action"},"content":{"rendered":"\t\t<div data-elementor-type=\"wp-page\" data-elementor-id=\"1818\" class=\"elementor elementor-1818\" data-elementor-settings=\"[]\">\n\t\t\t\t\t\t<div class=\"elementor-inner\">\n\t\t\t\t\t\t\t<div class=\"elementor-section-wrap\">\n\t\t\t\t\t\t\t<section class=\"elementor-section elementor-top-section elementor-element elementor-element-7790ce9 elementor-section-boxed elementor-section-height-default elementor-section-height-default\" data-id=\"7790ce9\" data-element_type=\"section\">\n\t\t\t\t\t\t<div class=\"elementor-container elementor-column-gap-default\">\n\t\t\t\t\t\t\t<div class=\"elementor-row\">\n\t\t\t\t\t<div class=\"elementor-column elementor-col-100 elementor-top-column elementor-element elementor-element-e0559ad\" data-id=\"e0559ad\" data-element_type=\"column\">\n\t\t\t<div class=\"elementor-column-wrap elementor-element-populated\">\n\t\t\t\t\t\t\t<div class=\"elementor-widget-wrap\">\n\t\t\t\t\t\t<div class=\"elementor-element elementor-element-a4238c7 elementor-widget elementor-widget-heading\" data-id=\"a4238c7\" data-element_type=\"widget\" data-widget_type=\"heading.default\">\n\t\t\t\t<div class=\"elementor-widget-container\">\n\t\t\t<h1 class=\"elementor-heading-title elementor-size-default\">Recherche - Action <\/h1>\t\t<\/div>\n\t\t\t\t<\/div>\n\t\t\t\t\t\t<\/div>\n\t\t\t\t\t<\/div>\n\t\t<\/div>\n\t\t\t\t\t\t\t\t<\/div>\n\t\t\t\t\t<\/div>\n\t\t<\/section>\n\t\t\t\t<section class=\"elementor-section elementor-top-section elementor-element elementor-element-6757d33 elementor-section-boxed elementor-section-height-default elementor-section-height-default\" data-id=\"6757d33\" data-element_type=\"section\">\n\t\t\t\t\t\t<div class=\"elementor-container elementor-column-gap-default\">\n\t\t\t\t\t\t\t<div class=\"elementor-row\">\n\t\t\t\t\t<div class=\"elementor-column elementor-col-50 elementor-top-column elementor-element elementor-element-d69481b\" data-id=\"d69481b\" data-element_type=\"column\">\n\t\t\t<div class=\"elementor-column-wrap elementor-element-populated\">\n\t\t\t\t\t\t\t<div class=\"elementor-widget-wrap\">\n\t\t\t\t\t\t<div class=\"elementor-element elementor-element-020fd1b elementor-widget elementor-widget-heading\" data-id=\"020fd1b\" data-element_type=\"widget\" data-widget_type=\"heading.default\">\n\t\t\t\t<div class=\"elementor-widget-container\">\n\t\t\t<h3 class=\"elementor-heading-title elementor-size-default\">Quartier de coeur<\/h3>\t\t<\/div>\n\t\t\t\t<\/div>\n\t\t\t\t<div class=\"elementor-element elementor-element-65325dd elementor-widget elementor-widget-text-editor\" data-id=\"65325dd\" data-element_type=\"widget\" data-widget_type=\"text-editor.default\">\n\t\t\t\t<div class=\"elementor-widget-container\">\n\t\t\t\t\t<div class=\"elementor-text-editor elementor-clearfix\"><p>Depuis d\u00e9but 2022, dans le quartier des Amandiers (Paris 20) et le quartier Danube (Paris 19)<\/p><\/div>\n\t\t\t\t<\/div>\n\t\t\t\t<\/div>\n\t\t\t\t<div class=\"elementor-element elementor-element-966f851 elementor-widget elementor-widget-text-editor\" data-id=\"966f851\" data-element_type=\"widget\" data-widget_type=\"text-editor.default\">\n\t\t\t\t<div class=\"elementor-widget-container\">\n\t\t\t\t\t<div class=\"elementor-text-editor elementor-clearfix\"><p>L\u2019association d\u00e9veloppe un projet interg\u00e9n\u00e9rationnel de recherche-action pour se documenter et comprendre le sentiment d\u2019appartenance \u00e0 un territoire, les relations interquartiers et les mani\u00e8res dont elles s\u2019expriment. Il nous a paru important d\u2019impliquer les habitant-es des quartiers Danube (Paris 19e) et Amandiers (Paris 20e) &#8211; notamment les jeunes et les personnes \u00e2g\u00e9es &#8211; dans la construction d\u2019outils d\u2019analyse et d\u2019actions autour des probl\u00e9matiques li\u00e9es \u00e0 ces questions (exclusion, rixes, cloisonnement, \u2026) et de permettre \u00e0 chacun.e de prendre du recul sur ses propres pratiques et son rapport au quartier.\u00a0<\/p><p>Pour cela nous avons travaill\u00e9 \u00e0 un \u00e9tat de l\u2019art \u00e0 ce sujet, puis une ann\u00e9e de r\u00e9colte de donn\u00e9es via des ateliers aux formes vari\u00e9es : avec des coll\u00e9gien.nes, au centre socio-culturel Danube, au centre d\u2019animation Ang\u00e8le Mercier, dans la rue. Diff\u00e9rents supports et outils ont pu \u00eatre utilis\u00e9s :<a href=\"https:\/\/soundcloud.com\/des-cris-des-villes\/sets\/quartier-de-coeur-le-rapport-a-son-quartier\"> la cr\u00e9ation sonore musicale<\/a>, les micros-trottoirs, le plateau radio, la cartographie.\u00a0<\/p><p>Pendant le deuxi\u00e8me semestre de l\u2019ann\u00e9e 2023, l\u2019association a r\u00e9alis\u00e9 un travail d\u2019analyse suite \u00e0 la r\u00e9colte de ces diff\u00e9rents ateliers pour d\u00e9finir des pistes de pr\u00e9conisation. De l\u00e0 est n\u00e9 un projet d\u2019animation d\u2019ateliers en lien avec le coll\u00e8ge Rouault dans le 19e et les autres coll\u00e8ges du quartier afin de cr\u00e9er du lien entre les diff\u00e9rents coll\u00e8ges du secteur et aussi des liens entre les acteurises (associations, centre social, communaut\u00e9 \u00e9ducative, etc.). Ce projet se poursuivra donc en 2025.\u00a0<\/p><p>En 2024, deux expositions interactives ont \u00e9t\u00e9 d\u00e9ploy\u00e9es dans le centre d\u2019animation Ang\u00e8le Mercier, la m\u00e9diath\u00e8que James Baldwin pour le 19e, c\u00f4t\u00e9 20e au centre social et culturel La 20e chaise, la biblioth\u00e8que Sorbier, le coll\u00e8ge Robert Doisneau.<\/p><\/div>\n\t\t\t\t<\/div>\n\t\t\t\t<\/div>\n\t\t\t\t\t\t<\/div>\n\t\t\t\t\t<\/div>\n\t\t<\/div>\n\t\t\t\t<div class=\"elementor-column elementor-col-50 elementor-top-column elementor-element elementor-element-f541cd9\" data-id=\"f541cd9\" data-element_type=\"column\">\n\t\t\t<div class=\"elementor-column-wrap elementor-element-populated\">\n\t\t\t\t\t\t\t<div class=\"elementor-widget-wrap\">\n\t\t\t\t\t\t<div class=\"elementor-element elementor-element-1401769 elementor-widget elementor-widget-text-editor\" data-id=\"1401769\" data-element_type=\"widget\" data-widget_type=\"text-editor.default\">\n\t\t\t\t<div class=\"elementor-widget-container\">\n\t\t\t\t\t<div class=\"elementor-text-editor elementor-clearfix\"><p><div id=\"metaslider-id-1903\" style=\"width: 100%;\" class=\"ml-slider-3-20-3 metaslider metaslider-flex metaslider-1903 ml-slider\">\n    <div id=\"metaslider_container_1903\">\n        <div id=\"metaslider_1903\">\n            <ul aria-live=\"polite\" class=\"slides\">\n                <li style=\"display: block; width: 100%;\" class=\"slide-1919 ms-image\"><img loading=\"lazy\" decoding=\"async\" src=\"https:\/\/descrisdesvilles.org\/wp-content\/uploads\/2024\/10\/1-3-scaled-1024x750.jpg\" height=\"750\" width=\"1024\" alt=\"\" class=\"slider-1903 slide-1919\" title=\"1\" \/><\/li>\n                <li style=\"display: none; width: 100%;\" class=\"slide-1927 ms-image\"><img loading=\"lazy\" decoding=\"async\" src=\"https:\/\/descrisdesvilles.org\/wp-content\/uploads\/2024\/10\/20240412_164958-1-scaled-1024x750.jpg\" height=\"750\" width=\"1024\" alt=\"\" class=\"slider-1903 slide-1927\" title=\"20240412_164958\" \/><\/li>\n                <li style=\"display: none; width: 100%;\" class=\"slide-1922 ms-image\"><img loading=\"lazy\" decoding=\"async\" src=\"https:\/\/descrisdesvilles.org\/wp-content\/uploads\/2024\/10\/4-3-scaled-1024x750.jpg\" height=\"750\" width=\"1024\" alt=\"\" class=\"slider-1903 slide-1922\" title=\"4\" \/><\/li>\n                <li style=\"display: none; width: 100%;\" class=\"slide-1925 ms-image\"><img loading=\"lazy\" decoding=\"async\" src=\"https:\/\/descrisdesvilles.org\/wp-content\/uploads\/2024\/10\/20240412_164929-1-scaled-1024x750.jpg\" height=\"750\" width=\"1024\" alt=\"\" class=\"slider-1903 slide-1925\" title=\"20240412_164929\" \/><\/li>\n                <li style=\"display: none; width: 100%;\" class=\"slide-1929 ms-image\"><img loading=\"lazy\" decoding=\"async\" src=\"https:\/\/descrisdesvilles.org\/wp-content\/uploads\/2024\/10\/IMG_3372-1-scaled-1024x750.jpg\" height=\"750\" width=\"1024\" alt=\"\" class=\"slider-1903 slide-1929\" title=\"IMG_3372\" \/><\/li>\n                <li style=\"display: none; width: 100%;\" class=\"slide-1931 ms-image\"><img loading=\"lazy\" decoding=\"async\" src=\"https:\/\/descrisdesvilles.org\/wp-content\/uploads\/2024\/10\/IMG_7263-1-scaled-1024x750.jpg\" height=\"750\" width=\"1024\" alt=\"\" class=\"slider-1903 slide-1931\" title=\"IMG_7263\" \/><\/li>\n                <li style=\"display: none; width: 100%;\" class=\"slide-1928 ms-image\"><img loading=\"lazy\" decoding=\"async\" src=\"https:\/\/descrisdesvilles.org\/wp-content\/uploads\/2024\/10\/IMG_3370-1-scaled-1024x750.jpg\" height=\"750\" width=\"1024\" alt=\"\" class=\"slider-1903 slide-1928\" title=\"IMG_3370\" \/><\/li>\n                <li style=\"display: none; width: 100%;\" class=\"slide-1923 ms-image\"><img loading=\"lazy\" decoding=\"async\" src=\"https:\/\/descrisdesvilles.org\/wp-content\/uploads\/2024\/10\/20230624_121011-1-scaled-1024x750.jpg\" height=\"750\" width=\"1024\" alt=\"\" class=\"slider-1903 slide-1923\" title=\"20230624_121011\" \/><\/li>\n                <li style=\"display: none; width: 100%;\" class=\"slide-1930 ms-image\"><img loading=\"lazy\" decoding=\"async\" src=\"https:\/\/descrisdesvilles.org\/wp-content\/uploads\/2024\/10\/IMG_3374-1-scaled-1024x750.jpg\" height=\"750\" width=\"1024\" alt=\"\" class=\"slider-1903 slide-1930\" title=\"IMG_3374\" \/><\/li>\n                <li style=\"display: none; width: 100%;\" class=\"slide-1921 ms-image\"><img loading=\"lazy\" decoding=\"async\" src=\"https:\/\/descrisdesvilles.org\/wp-content\/uploads\/2024\/10\/3-1-scaled-1024x750.jpg\" height=\"750\" width=\"1024\" alt=\"\" class=\"slider-1903 slide-1921\" title=\"3\" \/><\/li>\n                <li style=\"display: none; width: 100%;\" class=\"slide-1926 ms-image\"><img loading=\"lazy\" decoding=\"async\" src=\"https:\/\/descrisdesvilles.org\/wp-content\/uploads\/2024\/10\/20240412_164937-1-scaled-1024x750.jpg\" height=\"750\" width=\"1024\" alt=\"\" class=\"slider-1903 slide-1926\" title=\"20240412_164937\" \/><\/li>\n                <li style=\"display: none; width: 100%;\" class=\"slide-1924 ms-image\"><img loading=\"lazy\" decoding=\"async\" src=\"https:\/\/descrisdesvilles.org\/wp-content\/uploads\/2024\/10\/20240403_153552-1-scaled-1024x750.jpg\" height=\"750\" width=\"1024\" alt=\"\" class=\"slider-1903 slide-1924\" title=\"20240403_153552\" \/><\/li>\n                <li style=\"display: none; width: 100%;\" class=\"slide-1920 ms-image\"><img loading=\"lazy\" decoding=\"async\" src=\"https:\/\/descrisdesvilles.org\/wp-content\/uploads\/2024\/10\/2-3-scaled-1024x750.jpg\" height=\"750\" width=\"1024\" alt=\"\" class=\"slider-1903 slide-1920\" title=\"2\" \/><\/li>\n            <\/ul>\n        <\/div>\n        \n    <\/div>\n<\/div><\/p><\/div>\n\t\t\t\t<\/div>\n\t\t\t\t<\/div>\n\t\t\t\t\t\t<\/div>\n\t\t\t\t\t<\/div>\n\t\t<\/div>\n\t\t\t\t\t\t\t\t<\/div>\n\t\t\t\t\t<\/div>\n\t\t<\/section>\n\t\t\t\t<section class=\"elementor-section elementor-top-section elementor-element elementor-element-8c9aa3c elementor-section-boxed elementor-section-height-default elementor-section-height-default\" data-id=\"8c9aa3c\" data-element_type=\"section\">\n\t\t\t\t\t\t<div class=\"elementor-container elementor-column-gap-default\">\n\t\t\t\t\t\t\t<div class=\"elementor-row\">\n\t\t\t\t\t<div class=\"elementor-column elementor-col-50 elementor-top-column elementor-element elementor-element-de97f95\" data-id=\"de97f95\" data-element_type=\"column\">\n\t\t\t<div class=\"elementor-column-wrap elementor-element-populated\">\n\t\t\t\t\t\t\t<div class=\"elementor-widget-wrap\">\n\t\t\t\t\t\t<div class=\"elementor-element elementor-element-28e88af elementor-widget elementor-widget-heading\" data-id=\"28e88af\" data-element_type=\"widget\" data-widget_type=\"heading.default\">\n\t\t\t\t<div class=\"elementor-widget-container\">\n\t\t\t<h3 class=\"elementor-heading-title elementor-size-default\">Assise<\/h3>\t\t<\/div>\n\t\t\t\t<\/div>\n\t\t\t\t<div class=\"elementor-element elementor-element-76937d1 elementor-widget elementor-widget-text-editor\" data-id=\"76937d1\" data-element_type=\"widget\" data-widget_type=\"text-editor.default\">\n\t\t\t\t<div class=\"elementor-widget-container\">\n\t\t\t\t\t<div class=\"elementor-text-editor elementor-clearfix\"><p><b>Depuis 2022, avec <\/b><a href=\"https:\/\/lacloche.org\/lutter-contre-lexclusion-des-personnes-sans-domicile-en-creant-du-lien-social\"><b>La Cloche<\/b><\/a><b> et <\/b><a href=\"https:\/\/studare.fr\/\"><b>Studar\u00e9<\/b><\/a><b>, dans les quartiers Saint-Ambroise (Paris 11) et des Amandiers (Paris 20).<\/b><\/p><\/div>\n\t\t\t\t<\/div>\n\t\t\t\t<\/div>\n\t\t\t\t<div class=\"elementor-element elementor-element-d04bbb5 elementor-widget elementor-widget-text-editor\" data-id=\"d04bbb5\" data-element_type=\"widget\" data-widget_type=\"text-editor.default\">\n\t\t\t\t<div class=\"elementor-widget-container\">\n\t\t\t\t\t<div class=\"elementor-text-editor elementor-clearfix\"><p>Le design, et celui du mobilier urbain en particulier, est un outil puissant pour l\u2019inclusion ou l\u2019exclusion en ville. L\u2019espace public n\u2019est pas accessible de la m\u00eame mani\u00e8re pour tout le monde. En particulier, son occupation est restreinte par le retrait d\u2019assises ou leur conception ne laissant place qu\u2019\u00e0 un seul type d\u2019usage, en excluant d\u2019autres. Certains usages et usager-es sont vis\u00e9s, et tout le monde p\u00e2tit de ces restrictions.\u00a0<\/p><p>Avec La Cloche et Studar\u00e9, nous avons d\u00e9cid\u00e9 d\u2019initier en 2022 une d\u00e9marche de recherche-action sur la pr\u00e9carit\u00e9 urbaine et l\u2019am\u00e9nagement dit d\u00e9fensif, d\u2019abord dans le quartier Saint-Ambroise (Paris 11) puis \u00e9tendue au quartier des Amandiers (Paris 20).<\/p><p>En 2022, 16 ateliers ont \u00e9t\u00e9 propos\u00e9s, touchant des personnes de 6 \u00e0 92 ans des structures diverses (CHU Popincourt, Centre d\u2019accueil de personnes \u00e2g\u00e9es Marie de Miribel, \u00e9cole \u00e9l\u00e9mentaire 100 R\u00e9publique, Maison Relais Servan), dans l\u2019objectif de permettre au plus grand nombre de se saisir de cette th\u00e9matique. Un \u00e9tat des lieux des assises du quartier Saint-Ambroise a permis un d\u00e9but de conception de mobilier urbain contribuant \u00e0 des espaces inclusifs.\u00a0<\/p><p>Nous avons poursuivi l\u2019animation de diff\u00e9rents cycles d\u2019ateliers dans ce quartier en 2023 et avons pu notamment concevoir et construire avec les r\u00e9sident.e.s du Centre d\u2019H\u00e9bergement d\u2019Urgence Popincourt du mobilier (banc coffre, marche-pied, accoudoir, coussins) \u00e0 installer devant le centre pour profiter de l\u2019espace public entre r\u00e9sident.e.s. De la m\u00eame mani\u00e8re, un banc a \u00e9t\u00e9 con\u00e7u, construit et install\u00e9 devant le centre d\u2019accueil de jour Miribel. Cette m\u00eame ann\u00e9e, le projet a grandi en touchant un autre quartier puisque l\u2019association a anim\u00e9 des ateliers aupr\u00e8s des enfants du centre de loisirs des Amandiers et leurs parents pour une nouvelle application de la d\u00e9marche de recherche-action sur le mobilier urbain inclusif, cette fois-ci en lien avec le dispositif Rue aux \u00e9coles.\u00a0<\/p><p>En 2024, le projet a repris avec le centre de jour Miribel pour la construction d&#8217;accoudoirs amovibles \u00e0 venir installer sur les bancs de la ville de paris afin de permettre aux personnes \u00e2g\u00e9es de se relever plus facilement. Le projet continue \u00e9galement au centre social et culturel, La 20e chaise (Paris 20) via la cr\u00e9ation d\u2019espaces d&#8217;arr\u00eat, de rencontre et d&#8217;\u00e9change en am\u00e9nageant sa partie ext\u00e9rieure. <\/p><p>Pour plus d\u2019informations, n\u2019h\u00e9sitez pas \u00e0 consulter les <a href=\"https:\/\/www.calameo.com\/accounts\/6526982\">trois fanzines documentant le projet, consultable ici<\/a>.<\/p><\/div>\n\t\t\t\t<\/div>\n\t\t\t\t<\/div>\n\t\t\t\t\t\t<\/div>\n\t\t\t\t\t<\/div>\n\t\t<\/div>\n\t\t\t\t<div class=\"elementor-column elementor-col-50 elementor-top-column elementor-element elementor-element-ea61fe3\" data-id=\"ea61fe3\" data-element_type=\"column\">\n\t\t\t<div class=\"elementor-column-wrap elementor-element-populated\">\n\t\t\t\t\t\t\t<div class=\"elementor-widget-wrap\">\n\t\t\t\t\t\t<div class=\"elementor-element elementor-element-287ea62 elementor-widget elementor-widget-text-editor\" data-id=\"287ea62\" data-element_type=\"widget\" data-widget_type=\"text-editor.default\">\n\t\t\t\t<div class=\"elementor-widget-container\">\n\t\t\t\t\t<div class=\"elementor-text-editor elementor-clearfix\"><p><div id=\"metaslider-id-1874\" style=\"width: 100%;\" class=\"ml-slider-3-20-3 metaslider metaslider-flex metaslider-1874 ml-slider\">\n    <div id=\"metaslider_container_1874\">\n        <div id=\"metaslider_1874\">\n            <ul aria-live=\"polite\" class=\"slides\">\n                <li style=\"display: block; width: 100%;\" class=\"slide-1893 ms-image\"><img loading=\"lazy\" decoding=\"async\" src=\"https:\/\/descrisdesvilles.org\/wp-content\/uploads\/2024\/10\/IMG_7333-1-scaled-1024x750.jpg\" height=\"750\" width=\"1024\" alt=\"\" class=\"slider-1874 slide-1893\" title=\"IMG_7333\" \/><\/li>\n                <li style=\"display: none; width: 100%;\" class=\"slide-1901 ms-image\"><img loading=\"lazy\" decoding=\"async\" src=\"https:\/\/descrisdesvilles.org\/wp-content\/uploads\/2024\/10\/photo-de-assise-CL-1-1024x750.png\" height=\"750\" width=\"1024\" alt=\"\" class=\"slider-1874 slide-1901\" title=\"photo de assise CL\" \/><\/li>\n                <li style=\"display: none; width: 100%;\" class=\"slide-1898 ms-image\"><img loading=\"lazy\" decoding=\"async\" src=\"https:\/\/descrisdesvilles.org\/wp-content\/uploads\/2024\/10\/IMG-20230617-WA0001-1-1024x750.jpg\" height=\"750\" width=\"1024\" alt=\"\" class=\"slider-1874 slide-1898\" title=\"IMG-20230617-WA0001\" \/><\/li>\n                <li style=\"display: none; width: 100%;\" class=\"slide-1895 ms-image\"><img loading=\"lazy\" decoding=\"async\" src=\"https:\/\/descrisdesvilles.org\/wp-content\/uploads\/2024\/10\/IMG_8422-1-scaled-1024x750.jpg\" height=\"750\" width=\"1024\" alt=\"\" class=\"slider-1874 slide-1895\" title=\"IMG_8422\" \/><\/li>\n                <li style=\"display: none; width: 100%;\" class=\"slide-1896 ms-image\"><img loading=\"lazy\" decoding=\"async\" src=\"https:\/\/descrisdesvilles.org\/wp-content\/uploads\/2024\/10\/IMG_9152-1-scaled-1024x750.jpg\" height=\"750\" width=\"1024\" alt=\"\" class=\"slider-1874 slide-1896\" title=\"IMG_9152\" \/><\/li>\n                <li style=\"display: none; width: 100%;\" class=\"slide-1900 ms-image\"><img loading=\"lazy\" decoding=\"async\" src=\"https:\/\/descrisdesvilles.org\/wp-content\/uploads\/2024\/10\/IMG-20240329-WA0009-1-1024x750.jpg\" height=\"750\" width=\"1024\" alt=\"\" class=\"slider-1874 slide-1900\" title=\"IMG-20240329-WA0009\" \/><\/li>\n                <li style=\"display: none; width: 100%;\" class=\"slide-1899 ms-image\"><img loading=\"lazy\" decoding=\"async\" src=\"https:\/\/descrisdesvilles.org\/wp-content\/uploads\/2024\/10\/IMG-20230621-WA0004-1-1024x750.jpg\" height=\"750\" width=\"1024\" alt=\"\" class=\"slider-1874 slide-1899\" title=\"IMG-20230621-WA0004\" \/><\/li>\n                <li style=\"display: none; width: 100%;\" class=\"slide-1894 ms-image\"><img loading=\"lazy\" decoding=\"async\" src=\"https:\/\/descrisdesvilles.org\/wp-content\/uploads\/2024\/10\/IMG_8412-1-scaled-1024x750.jpg\" height=\"750\" width=\"1024\" alt=\"\" class=\"slider-1874 slide-1894\" title=\"IMG_8412\" \/><\/li>\n                <li style=\"display: none; width: 100%;\" class=\"slide-1892 ms-image\"><img loading=\"lazy\" decoding=\"async\" src=\"https:\/\/descrisdesvilles.org\/wp-content\/uploads\/2024\/10\/IMG_7068-1-scaled-1024x750.jpg\" height=\"750\" width=\"1024\" alt=\"\" class=\"slider-1874 slide-1892\" title=\"IMG_7068\" \/><\/li>\n                <li style=\"display: none; width: 100%;\" class=\"slide-1891 ms-image\"><img loading=\"lazy\" decoding=\"async\" src=\"https:\/\/descrisdesvilles.org\/wp-content\/uploads\/2024\/10\/IMG_6980-1-scaled-1024x750.jpg\" height=\"750\" width=\"1024\" alt=\"\" class=\"slider-1874 slide-1891\" title=\"IMG_6980\" \/><\/li>\n                <li style=\"display: none; width: 100%;\" class=\"slide-1897 ms-image\"><img loading=\"lazy\" decoding=\"async\" src=\"https:\/\/descrisdesvilles.org\/wp-content\/uploads\/2024\/10\/IMG_9252-1-scaled-1024x750.jpg\" height=\"750\" width=\"1024\" alt=\"\" class=\"slider-1874 slide-1897\" title=\"IMG_9252\" \/><\/li>\n                <li style=\"display: none; width: 100%;\" class=\"slide-1890 ms-image\"><img loading=\"lazy\" decoding=\"async\" src=\"https:\/\/descrisdesvilles.org\/wp-content\/uploads\/2024\/10\/IMG_6977-1-scaled-1024x750.jpg\" height=\"750\" width=\"1024\" alt=\"\" class=\"slider-1874 slide-1890\" title=\"IMG_6977\" \/><\/li>\n            <\/ul>\n        <\/div>\n        \n    <\/div>\n<\/div><\/p><\/div>\n\t\t\t\t<\/div>\n\t\t\t\t<\/div>\n\t\t\t\t\t\t<\/div>\n\t\t\t\t\t<\/div>\n\t\t<\/div>\n\t\t\t\t\t\t\t\t<\/div>\n\t\t\t\t\t<\/div>\n\t\t<\/section>\n\t\t\t\t\t\t<\/div>\n\t\t\t\t\t\t<\/div>\n\t\t\t\t\t<\/div>\n\t\t","protected":false},"excerpt":{"rendered":"<p>Recherche &#8211; Action Quartier de coeur Depuis d\u00e9but 2022, dans le quartier des Amandiers (Paris 20) et le quartier Danube (Paris 19) L\u2019association d\u00e9veloppe un projet interg\u00e9n\u00e9rationnel de recherche-action pour se documenter et comprendre le sentiment d\u2019appartenance \u00e0 un territoire, les relations interquartiers et les mani\u00e8res dont elles s\u2019expriment. Il nous a paru important d\u2019impliquer [&hellip;]<\/p>\n","protected":false},"author":1,"featured_media":0,"parent":0,"menu_order":0,"comment_status":"closed","ping_status":"closed","template":"","meta":{"footnotes":""},"_links":{"self":[{"href":"https:\/\/descrisdesvilles.org\/index.php\/wp-json\/wp\/v2\/pages\/1818"}],"collection":[{"href":"https:\/\/descrisdesvilles.org\/index.php\/wp-json\/wp\/v2\/pages"}],"about":[{"href":"https:\/\/descrisdesvilles.org\/index.php\/wp-json\/wp\/v2\/types\/page"}],"author":[{"embeddable":true,"href":"https:\/\/descrisdesvilles.org\/index.php\/wp-json\/wp\/v2\/users\/1"}],"replies":[{"embeddable":true,"href":"https:\/\/descrisdesvilles.org\/index.php\/wp-json\/wp\/v2\/comments?post=1818"}],"version-history":[{"count":5,"href":"https:\/\/descrisdesvilles.org\/index.php\/wp-json\/wp\/v2\/pages\/1818\/revisions"}],"predecessor-version":[{"id":1932,"href":"https:\/\/descrisdesvilles.org\/index.php\/wp-json\/wp\/v2\/pages\/1818\/revisions\/1932"}],"wp:attachment":[{"href":"https:\/\/descrisdesvilles.org\/index.php\/wp-json\/wp\/v2\/media?parent=1818"}],"curies":[{"name":"wp","href":"https:\/\/api.w.org\/{rel}","templated":true}]}}