{"id":156,"date":"2020-10-04T11:34:55","date_gmt":"2020-10-04T09:34:55","guid":{"rendered":"http:\/\/descrisdesvilles.org\/?page_id=156"},"modified":"2020-10-05T22:44:32","modified_gmt":"2020-10-05T20:44:32","slug":"mentions-legales","status":"publish","type":"page","link":"https:\/\/descrisdesvilles.org\/index.php\/mentions-legales\/","title":{"rendered":"Mentions l\u00e9gales"},"content":{"rendered":"\n<p class=\"has-text-align-center\"><strong>Mentions l\u00e9gales<\/strong><\/p>\n\n\n\n<p class=\"has-text-align-center\"><em>Nom de l\u2019association\u00a0:<\/em> Des cris des villes <\/p>\n\n\n\n<p class=\"has-text-align-center\">Num\u00e9ro de SIRET : 884 142 407 00029<\/p>\n\n\n\n<p class=\"has-text-align-center\">Num\u00e9ro RNA : W751253561<\/p>\n\n\n\n<p class=\"has-text-align-center\"><em>Adresse\u00a0:<\/em> La Fabrik Coop\u00e9rative 23 Rue du docteur Potain Escalier B 75019 Paris<\/p>\n\n\n\n<p class=\"has-text-align-center\"><em>Num\u00e9ro de t\u00e9l\u00e9phone\u00a0:<\/em> 07.69.39.34.75<\/p>\n\n\n\n<p class=\"has-text-align-center\"><em>Directrice de la publication (nom du pr\u00e9sident de l\u2019association)\u00a0:<\/em> Delmotte Salom\u00e9<\/p>\n\n\n\n<p class=\"has-text-align-center\"><em>H\u00e9bergeur\u00a0:<\/em> OVH <\/p>\n\n\n\n<p class=\"has-text-align-center\"><em>Raison sociale<\/em> : OVH SAS <\/p>\n\n\n\n<p class=\"has-text-align-center\"><em>Adresse du si\u00e8ge<\/em> : 2 rue Kellermann &#8211; 59100 Roubaix &#8211; France<\/p>\n","protected":false},"excerpt":{"rendered":"<p>Mentions l\u00e9gales Nom de l\u2019association\u00a0: Des cris des villes Num\u00e9ro de SIRET : 884 142 407 00029 Num\u00e9ro RNA : W751253561 Adresse\u00a0: La Fabrik Coop\u00e9rative 23 Rue du docteur Potain Escalier B 75019 Paris Num\u00e9ro de t\u00e9l\u00e9phone\u00a0: 07.69.39.34.75 Directrice de la publication (nom du pr\u00e9sident de l\u2019association)\u00a0: Delmotte Salom\u00e9 H\u00e9bergeur\u00a0: OVH Raison sociale : OVH [&hellip;]<\/p>\n","protected":false},"author":1,"featured_media":0,"parent":0,"menu_order":0,"comment_status":"closed","ping_status":"closed","template":"","meta":{"footnotes":""},"_links":{"self":[{"href":"https:\/\/descrisdesvilles.org\/index.php\/wp-json\/wp\/v2\/pages\/156"}],"collection":[{"href":"https:\/\/descrisdesvilles.org\/index.php\/wp-json\/wp\/v2\/pages"}],"about":[{"href":"https:\/\/descrisdesvilles.org\/index.php\/wp-json\/wp\/v2\/types\/page"}],"author":[{"embeddable":true,"href":"https:\/\/descrisdesvilles.org\/index.php\/wp-json\/wp\/v2\/users\/1"}],"replies":[{"embeddable":true,"href":"https:\/\/descrisdesvilles.org\/index.php\/wp-json\/wp\/v2\/comments?post=156"}],"version-history":[{"count":3,"href":"https:\/\/descrisdesvilles.org\/index.php\/wp-json\/wp\/v2\/pages\/156\/revisions"}],"predecessor-version":[{"id":162,"href":"https:\/\/descrisdesvilles.org\/index.php\/wp-json\/wp\/v2\/pages\/156\/revisions\/162"}],"wp:attachment":[{"href":"https:\/\/descrisdesvilles.org\/index.php\/wp-json\/wp\/v2\/media?parent=156"}],"curies":[{"name":"wp","href":"https:\/\/api.w.org\/{rel}","templated":true}]}}